{"id":78,"date":"2024-07-08T08:58:59","date_gmt":"2024-07-08T14:58:59","guid":{"rendered":"https:\/\/organizacionsycoma.org\/?page_id=78"},"modified":"2024-07-08T08:58:59","modified_gmt":"2024-07-08T14:58:59","slug":"acciones","status":"publish","type":"page","link":"https:\/\/organizacionsycoma.org\/?page_id=78","title":{"rendered":"ACCIONES"},"content":{"rendered":"\n<p>\u2022Desarrollo, Administraci\u00f3n, Supervisi\u00f3n, Evaluaci\u00f3n, Asesor\u00eda, Gesti\u00f3n, Coordinaci\u00f3n, Planificaci\u00f3n y Ejecuci\u00f3n de Proyectos de diversos Sectores Productivos, en materia de conservaci\u00f3n, protecci\u00f3n, investigaci\u00f3n, educaci\u00f3n, manejo (aprovechamiento sustentable de recursos; Gesti\u00f3n Ambiental; Desarrollo Sustentable) y restauraci\u00f3n para la conservaci\u00f3n del medio ambiente, sus diferentes ecosistemas y las especies que los incluyen.<\/p>\n\n\n\n<p>\u2022An\u00e1lisis y optimizaci\u00f3n de Procesos, Aplicaci\u00f3n de Sistemas de Gesti\u00f3n de Proyectos en Tema de Cumplimiento de Autorizaciones en diversos campos; Realizaci\u00f3n e Implementaci\u00f3n de Estudios Especiales de Soporte a Proyectos en apego a la Normatividad Federal, Estatal y Municipal en Materia Ambiental y Autorizaciones requeridas. Administraci\u00f3n y Manejo de Personal, Implementaci\u00f3n y Mejora de Procesos de Cumplimiento Ambiental, Caracterizaci\u00f3n, Evaluaci\u00f3n y Diagnostico de Recursos Naturales.<\/p>\n\n\n\n<p>\u2022Proyectos arquitect\u00f3nicos sustentables.<\/p>\n\n\n\n<p>\u2022Gesti\u00f3n en tr\u00e1mites de car\u00e1cter ambiental ante autoridades Federales, Estatales y Municipales.<\/p>\n\n\n\n<p>\u2022Elaboraci\u00f3n de programas, planes de manejo y proyectos vinculados a la protecci\u00f3n, desarrollo ambiental y preservaci\u00f3n del equilibrio ecol\u00f3gico.<\/p>\n\n\n\n<p>\u2022Asesoramiento a entidades de diversa \u00edndole, as\u00ed como genera sus propios proyectos ambientales.<\/p>\n\n\n\n<p>\u2022Desarrollo de proyectos orientados a la generaci\u00f3n de alternativas econ\u00f3micas sustentables.<\/p>\n\n\n\n<p>\u2022Orientaci\u00f3n o capacitaci\u00f3n con certificaci\u00f3n de la Secretar\u00eda del Trabajo y Previsi\u00f3n Social.<\/p>\n\n\n\n<p>\u2022Generar soluciones, basadas en informaci\u00f3n cient\u00edfica para la conservaci\u00f3n y recuperaci\u00f3n de los ecosistemas y su biodiversidad.<\/p>\n","protected":false},"excerpt":{"rendered":"<p>\u2022Desarrollo, Administraci\u00f3n, Supervisi\u00f3n, Evaluaci\u00f3n, Asesor\u00eda, Gesti\u00f3n, Coordinaci\u00f3n, Planificaci\u00f3n y Ejecuci\u00f3n de Proyectos de diversos Sectores Productivos, en materia de conservaci\u00f3n, protecci\u00f3n, investigaci\u00f3n, educaci\u00f3n, manejo (aprovechamiento sustentable de recursos; Gesti\u00f3n Ambiental; Desarrollo Sustentable) y restauraci\u00f3n para la conservaci\u00f3n del medio ambiente, sus diferentes ecosistemas y las especies que los incluyen. \u2022An\u00e1lisis y optimizaci\u00f3n de Procesos, Aplicaci\u00f3n de Sistemas de Gesti\u00f3n de Proyectos en Tema de Cumplimiento de Autorizaciones en diversos campos; Realizaci\u00f3n e Implementaci\u00f3n de Estudios Especiales de Soporte a Proyectos en apego a la Normatividad Federal, Estatal y Municipal en Materia Ambiental y Autorizaciones requeridas. Administraci\u00f3n y Manejo de Personal, Implementaci\u00f3n y Mejora de Procesos de Cumplimiento Ambiental, Caracterizaci\u00f3n, Evaluaci\u00f3n y Diagnostico de Recursos Naturales. \u2022Proyectos arquitect\u00f3nicos sustentables. \u2022Gesti\u00f3n en tr\u00e1mites de car\u00e1cter ambiental ante autoridades Federales, Estatales y Municipales. \u2022Elaboraci\u00f3n de programas, planes de manejo y proyectos vinculados a la protecci\u00f3n, desarrollo ambiental y preservaci\u00f3n del equilibrio ecol\u00f3gico. \u2022Asesoramiento a entidades de diversa \u00edndole, as\u00ed como genera sus propios proyectos ambientales. \u2022Desarrollo de proyectos orientados a la generaci\u00f3n de alternativas econ\u00f3micas sustentables. \u2022Orientaci\u00f3n o capacitaci\u00f3n con certificaci\u00f3n de la Secretar\u00eda del Trabajo y Previsi\u00f3n Social. \u2022Generar soluciones, basadas en informaci\u00f3n cient\u00edfica para la conservaci\u00f3n y recuperaci\u00f3n de los ecosistemas y su biodiversidad.<\/p>\n","protected":false},"author":2,"featured_media":0,"parent":0,"menu_order":0,"comment_status":"closed","ping_status":"closed","template":"","meta":{"footnotes":""},"class_list":["post-78","page","type-page","status-publish","hentry"],"jetpack_sharing_enabled":true,"_links":{"self":[{"href":"https:\/\/organizacionsycoma.org\/index.php?rest_route=\/wp\/v2\/pages\/78","targetHints":{"allow":["GET"]}}],"collection":[{"href":"https:\/\/organizacionsycoma.org\/index.php?rest_route=\/wp\/v2\/pages"}],"about":[{"href":"https:\/\/organizacionsycoma.org\/index.php?rest_route=\/wp\/v2\/types\/page"}],"author":[{"embeddable":true,"href":"https:\/\/organizacionsycoma.org\/index.php?rest_route=\/wp\/v2\/users\/2"}],"replies":[{"embeddable":true,"href":"https:\/\/organizacionsycoma.org\/index.php?rest_route=%2Fwp%2Fv2%2Fcomments&post=78"}],"version-history":[{"count":1,"href":"https:\/\/organizacionsycoma.org\/index.php?rest_route=\/wp\/v2\/pages\/78\/revisions"}],"predecessor-version":[{"id":79,"href":"https:\/\/organizacionsycoma.org\/index.php?rest_route=\/wp\/v2\/pages\/78\/revisions\/79"}],"wp:attachment":[{"href":"https:\/\/organizacionsycoma.org\/index.php?rest_route=%2Fwp%2Fv2%2Fmedia&parent=78"}],"curies":[{"name":"wp","href":"https:\/\/api.w.org\/{rel}","templated":true}]}}