{"id":446,"date":"2025-11-28T19:34:38","date_gmt":"2025-11-29T01:34:38","guid":{"rendered":"https:\/\/organizacionsycoma.org\/?page_id=446"},"modified":"2025-11-28T19:34:38","modified_gmt":"2025-11-29T01:34:38","slug":"tortuga-de-espalda-plana","status":"publish","type":"page","link":"https:\/\/organizacionsycoma.org\/?page_id=446","title":{"rendered":"Tortuga de espalda plana"},"content":{"rendered":"\n<p><strong>Tortuga de espalda plana, <em>Natator depressus<\/em><\/strong>, tambi\u00e9n llamada tortuga kikila y flatback turtle (por su caracter\u00edstica concha plana). La Tortuga Kikila cuenta con una de las \u00e1reas de distribuci\u00f3n geogr\u00e1fica m\u00e1s peque\u00f1as. <strong>Anida \u00fanicamente en la costa norte de Australia y vive exclusivamente en la plataforma continental entre Australia, el sur de Indonesia y Pap\u00faa Nueva Guinea<\/strong>, lo que la convierte end\u00e9mica de esta regi\u00f3n.<\/p>\n\n\n\n<p>Los adultos de esta especie miden entre 80 y 95 cm de largo y pesan hasta 100 kg, reconocible por su caparaz\u00f3n aplanado y sus escamas marginales dobladas hacia arriba. Las cr\u00edas de tortuga plana miden aproximadamente 45 mm de largo y pesan alrededor de 40 g.<\/p>\n\n\n\n<p>Durante todas las etapas de su vida, las tortugas planas se alimentan principalmente de invertebrados bent\u00f3nicos (cangrejos, otros crust\u00e1ceos y moluscos) y, a veces, medusas.<\/p>\n\n\n\n<p>Las tortugas planas alcanzan la madurez sexual despu\u00e9s de aproximadamente a 20 a\u00f1os y0 vuelven a reproducirse cada 2 a 4 a\u00f1os. Durante la temporada de anidaci\u00f3n, las tortugas planas ponen de 2 a 3 nidadas de 50 a 70 huevos cada una\u00f1#. Los huevos son del tama\u00f1o de bolas de billar, pesan aproximadamente entre 70 y 80 g cada uno y tardan unos 60 d\u00edas en incubarse y eclosionar.<\/p>\n\n\n\n<p>Durante mucho tiempo se crey\u00f3 que las tortugas planas eran un tipo de tortuga verde, pero finalmente fueron descritas como una especie separada en 1988.<\/p>\n\n\n\n<p>Las tortugas planas tienen los huevos y cr\u00edas m\u00e1s grandes en relaci\u00f3n con el tama\u00f1o de su cuerpo adulto de todas las tortugas marinas.<\/p>\n\n\n\n<p>Las tortugas planas tienen una fisiolog\u00eda \u00fanica que les permite permanecer activas bajo el agua durante per\u00edodos m\u00e1s largos que la mayor\u00eda de las otras especies.<\/p>\n\n\n\n<p>En gran parte de su \u00e1rea de anidaci\u00f3n, son depredados por cocodrilos marinos, que tambi\u00e9n han atacado a seres humanos. Por ello, pr\u00e1cticamente no existen fotos submarinas de adultos en libertad.<\/p>\n\n\n\n<p>Forma de citar: Tiburcio-Pintos, Graciela (2025). Tortugas Marinas. <a href=\"https:\/\/www.facebook.com\/graciela.tiburcio\/posts\/pfbid0de8xRVmuneqimTWGwsnMfy81nGf4H8PtKsq9weAD5UmwpcVeFjfyso2c6W8oEsFol?__cft__[0]=AZVsWfDci9UnlaYRszWwMz76gpSUQdnBNOP7QaDHVRH1_gXh_nd1hK6cjvGKbbjhmvAm04sGGlQpIYm-seJwFjrXa4lARj9qcHo_8kVgdraW5zcT6YCg_OLi1n3UynwN9WtrmZhg3GW2Bpp9Sbpvphpg&amp;__tn__=-UK-R\">https:\/\/www.facebook.com\/share\/p\/1ErCCeWzAa\/<\/a><\/p>\n","protected":false},"excerpt":{"rendered":"<p>Tortuga de espalda plana, Natator depressus, tambi\u00e9n llamada tortuga kikila y flatback turtle (por su caracter\u00edstica concha plana). La Tortuga Kikila cuenta con una de las \u00e1reas de distribuci\u00f3n geogr\u00e1fica m\u00e1s peque\u00f1as. Anida \u00fanicamente en la costa norte de Australia y vive exclusivamente en la plataforma continental entre Australia, el sur de Indonesia y Pap\u00faa Nueva Guinea, lo que la convierte end\u00e9mica de esta regi\u00f3n. Los adultos de esta especie miden entre 80 y 95 cm de largo y pesan hasta 100 kg, reconocible por su caparaz\u00f3n aplanado y sus escamas marginales dobladas hacia arriba. Las cr\u00edas de tortuga plana miden aproximadamente 45 mm de largo y pesan alrededor de 40 g. Durante todas las etapas de su vida, las tortugas planas se alimentan principalmente de invertebrados bent\u00f3nicos (cangrejos, otros crust\u00e1ceos y moluscos) y, a veces, medusas. Las tortugas planas alcanzan la madurez sexual despu\u00e9s de aproximadamente a 20 a\u00f1os y0 vuelven a reproducirse cada 2 a 4 a\u00f1os. Durante la temporada de anidaci\u00f3n, las tortugas planas ponen de 2 a 3 nidadas de 50 a 70 huevos cada una\u00f1#. Los huevos son del tama\u00f1o de bolas de billar, pesan aproximadamente entre 70 y 80 g cada uno y tardan unos 60 d\u00edas en incubarse y eclosionar. Durante mucho tiempo se crey\u00f3 que las tortugas planas eran un tipo de tortuga verde, pero finalmente fueron descritas como una especie separada en 1988. Las tortugas planas tienen los huevos y cr\u00edas m\u00e1s grandes en relaci\u00f3n con el tama\u00f1o de su cuerpo adulto de todas las tortugas marinas. Las tortugas planas tienen una fisiolog\u00eda \u00fanica que les permite permanecer activas bajo el agua durante per\u00edodos m\u00e1s largos que la mayor\u00eda de las otras especies. En gran parte de su \u00e1rea de anidaci\u00f3n, son depredados por cocodrilos marinos, que tambi\u00e9n han atacado a seres humanos. Por ello, pr\u00e1cticamente no existen fotos submarinas de adultos en libertad. Forma de citar: Tiburcio-Pintos, Graciela (2025). Tortugas Marinas. https:\/\/www.facebook.com\/share\/p\/1ErCCeWzAa\/<\/p>\n","protected":false},"author":2,"featured_media":447,"parent":0,"menu_order":0,"comment_status":"closed","ping_status":"closed","template":"","meta":{"footnotes":""},"class_list":["post-446","page","type-page","status-publish","has-post-thumbnail","hentry"],"jetpack_sharing_enabled":true,"_links":{"self":[{"href":"https:\/\/organizacionsycoma.org\/index.php?rest_route=\/wp\/v2\/pages\/446","targetHints":{"allow":["GET"]}}],"collection":[{"href":"https:\/\/organizacionsycoma.org\/index.php?rest_route=\/wp\/v2\/pages"}],"about":[{"href":"https:\/\/organizacionsycoma.org\/index.php?rest_route=\/wp\/v2\/types\/page"}],"author":[{"embeddable":true,"href":"https:\/\/organizacionsycoma.org\/index.php?rest_route=\/wp\/v2\/users\/2"}],"replies":[{"embeddable":true,"href":"https:\/\/organizacionsycoma.org\/index.php?rest_route=%2Fwp%2Fv2%2Fcomments&post=446"}],"version-history":[{"count":1,"href":"https:\/\/organizacionsycoma.org\/index.php?rest_route=\/wp\/v2\/pages\/446\/revisions"}],"predecessor-version":[{"id":448,"href":"https:\/\/organizacionsycoma.org\/index.php?rest_route=\/wp\/v2\/pages\/446\/revisions\/448"}],"wp:featuredmedia":[{"embeddable":true,"href":"https:\/\/organizacionsycoma.org\/index.php?rest_route=\/wp\/v2\/media\/447"}],"wp:attachment":[{"href":"https:\/\/organizacionsycoma.org\/index.php?rest_route=%2Fwp%2Fv2%2Fmedia&parent=446"}],"curies":[{"name":"wp","href":"https:\/\/api.w.org\/{rel}","templated":true}]}}