{"id":409,"date":"2025-10-04T19:58:53","date_gmt":"2025-10-05T01:58:53","guid":{"rendered":"https:\/\/organizacionsycoma.org\/?page_id=409"},"modified":"2025-11-28T16:32:35","modified_gmt":"2025-11-28T22:32:35","slug":"tortuga-verde","status":"publish","type":"page","link":"https:\/\/organizacionsycoma.org\/?page_id=409","title":{"rendered":"Tortuga verde"},"content":{"rendered":"\n<p>La Tortuga Verde &#8211; Jardinera de Los Pastos Marinos<\/p>\n\n\n\n<p><strong>La tortuga verde (<em>Chelonia mydas<\/em>)<\/strong> es una especie de tortuga marina de la familia Cheloniidae. Existen dos grandes subpoblaciones de C. mydas: la subpoblaci\u00f3n del Atl\u00e1ntico y la del Pac\u00edfico consider\u00e1ndose dos subespecies la Tortuga Verde (C. m. mydas) y la Tortuga Negra (C. m. agassizii) respectivamente. El nombre \u00abtortuga verde\u00bb proviene del color de su grasa (no de su caparaz\u00f3n), otros nombres comunes de la tortuga verde incluyen tortuga blanca, tortuga comestible, tortuga franca, tortuga quelonea, tortuga prieta (en el Pac\u00edfico mexicano) y sacacillo.<\/p>\n\n\n\n<p>Existe controversia sobre el estatus taxon\u00f3mico de la Tortuga Negra ya que difiere de la Tortuga Verde en tama\u00f1o, coloraci\u00f3n, forma de carapacho y caracter\u00edsticas osteol\u00f3gicas, sin embargo los resultados de diversos an\u00e1lisis de ADN tanto mitocondrial como nuclear muestran que la Tortuga Negra no es una especie distinta. Por lo mismo, los tratados y convenciones internacionales como la Convenci\u00f3n Internacional para el Comercio de Especies en Peligro de Extinci\u00f3n (CITES) y la Convenci\u00f3n Interamericana para la Conservaci\u00f3n de las Tortugas Marinas (CIT) solamente reconocen a la especie (Chelonia mydas).<\/p>\n\n\n\n<p>La tortuga verde se distribuye por los oc\u00e9anos tropicales y subtropicales de todo el mundo y presenta los sitios de anidaci\u00f3n m\u00e1s numerosos y dispersos de las siete especies de tortugas marinas.<\/p>\n\n\n\n<p>Es la tortuga marina de caparaz\u00f3n duro m\u00e1s grande, midiendo entre 80 y 120 cm de longitud y pesan hasta 300 kg. Su cabeza es relativamente peque\u00f1a y chata, el pico es romo y sin gancho, con el borde de las mand\u00edbulas aserrado, principalmente la inferior, lo que facilita su alimentaci\u00f3n la cual es principalmente herb\u00edvora, aliment\u00e1ndose sobre todo de pastos marinos y algas, aunque tambi\u00e9n puede consumir esponjas, medusas, otros invertebrados y en ocasiones peces.<\/p>\n\n\n\n<p><strong>Desempe\u00f1an un papel vital en el mantenimiento de la salud y la vitalidad de los ecosistemas marinos y terrestres. Al seguir una dieta herb\u00edvora relativamente estricta, aliment\u00e1ndose principalmente de pastos marinos y algas, estas magn\u00edficas criaturas fortalecen la productividad de los lechos de pastos marinos y su contenido de nutrientes, previniendo as\u00ed el crecimiento excesivo, la obstrucci\u00f3n de las corrientes, la descomposici\u00f3n y el crecimiento desmesurado de algas, pastos marinos y hongos. Al arrancar las hojas de los pastos marinos justo por encima de la ra\u00edz, los prados se mantienen sanos, fuertes y con gran cantidad de nutrientes, sirviendo como criaderos para numerosas especies de peces e invertebrados. Ofreciendo de esta manera un servicio de jardiner\u00eda perfecto. Una vez consumidos, los pastos marinos son digeridos r\u00e1pidamente por las tortugas verdes y se convierten en nutrientes reciclados para otras plantas y animales que habitan en los ecosistemas de pastos marinos.<\/strong><\/p>\n\n\n\n<p>En los ecosistemas terrestres, las tortugas verdes influyen directa e indirectamente en el crecimiento de la vegetaci\u00f3n, la distribuci\u00f3n de las especies y la estabilidad de las dunas a trav\u00e9s de sus huevos. Los huevos sin eclosionar proporcionan una fuente concentrada de nutrientes esenciales, como nitr\u00f3geno, f\u00f3sforo y potasio, que favorecen el crecimiento de la vegetaci\u00f3n. Esta vegetaci\u00f3n costera estabiliza las dunas y las islas barrera, protegiendo las zonas interiores de los efectos de las olas, las corrientes y las mareas, y sirve de alimento a diversas especies herb\u00edvoras. Los huevos de tortuga tambi\u00e9n sirven de alimento a numerosos depredadores , como cangrejos, zorros, mapaches, gatos asilvestrados y buitres; sus heces, ricas en nutrientes , promueven a\u00fan m\u00e1s el crecimiento de la vegetaci\u00f3n.<\/p>\n\n\n\n<p>Las tortugas verdes desempe\u00f1an un papel fundamental en las cadenas alimentarias terrestres y marinas, ya que sus huevos, cr\u00edas y juveniles constituyen una importante fuente de alimento para numerosas especies.<\/p>\n\n\n\n<p>Debido al significativo impacto que tienen en su entorno, las tortugas verdes son una especie clave para muchos ecosistemas marinos. Los efectos de la disminuci\u00f3n de sus poblaciones se han observado ampliamente en el mar, afectando la distribuci\u00f3n de especies animales y vegetales, as\u00ed como la forma y la salud de los paisajes marinos. Por ello, tambi\u00e9n desempe\u00f1an un papel importante como especie indicadora , ya que su abundancia, patrones migratorios, \u00e9xito reproductivo, distribuci\u00f3n y salud reflejan la calidad de su entorno. Lamentablemente, la tortuga verde tambi\u00e9n se ha descrito como un bioindicador para el monitoreo de la contaminaci\u00f3n por pl\u00e1sticos en el Oc\u00e9ano Pac\u00edfico Norte , debido a su propensi\u00f3n a ingerir desechos pl\u00e1sticos.<\/p>\n\n\n\n<p>Forma de citar: Tiburcio-Pintos, G. (2025). Tortugas Marinas-Navegantes Ancestrales del Golfo de California. Barker Publishing LLC. I.S.B.N. Paperback | 979-8-89558-985-4<\/p>\n\n\n\n<p>Ilustraci\u00f3n dedicada por la autora a Rafael Bravo<\/p>\n","protected":false},"excerpt":{"rendered":"<p>La Tortuga Verde &#8211; Jardinera de Los Pastos Marinos La tortuga verde (Chelonia mydas) es una especie de tortuga marina de la familia Cheloniidae. Existen dos grandes subpoblaciones de C. mydas: la subpoblaci\u00f3n del Atl\u00e1ntico y la del Pac\u00edfico consider\u00e1ndose dos subespecies la Tortuga Verde (C. m. mydas) y la Tortuga Negra (C. m. agassizii) respectivamente. El nombre \u00abtortuga verde\u00bb proviene del color de su grasa (no de su caparaz\u00f3n), otros nombres comunes de la tortuga verde incluyen tortuga blanca, tortuga comestible, tortuga franca, tortuga quelonea, tortuga prieta (en el Pac\u00edfico mexicano) y sacacillo. Existe controversia sobre el estatus taxon\u00f3mico de la Tortuga Negra ya que difiere de la Tortuga Verde en tama\u00f1o, coloraci\u00f3n, forma de carapacho y caracter\u00edsticas osteol\u00f3gicas, sin embargo los resultados de diversos an\u00e1lisis de ADN tanto mitocondrial como nuclear muestran que la Tortuga Negra no es una especie distinta. Por lo mismo, los tratados y convenciones internacionales como la Convenci\u00f3n Internacional para el Comercio de Especies en Peligro de Extinci\u00f3n (CITES) y la Convenci\u00f3n Interamericana para la Conservaci\u00f3n de las Tortugas Marinas (CIT) solamente reconocen a la especie (Chelonia mydas). La tortuga verde se distribuye por los oc\u00e9anos tropicales y subtropicales de todo el mundo y presenta los sitios de anidaci\u00f3n m\u00e1s numerosos y dispersos de las siete especies de tortugas marinas. Es la tortuga marina de caparaz\u00f3n duro m\u00e1s grande, midiendo entre 80 y 120 cm de longitud y pesan hasta 300 kg. Su cabeza es relativamente peque\u00f1a y chata, el pico es romo y sin gancho, con el borde de las mand\u00edbulas aserrado, principalmente la inferior, lo que facilita su alimentaci\u00f3n la cual es principalmente herb\u00edvora, aliment\u00e1ndose sobre todo de pastos marinos y algas, aunque tambi\u00e9n puede consumir esponjas, medusas, otros invertebrados y en ocasiones peces. Desempe\u00f1an un papel vital en el mantenimiento de la salud y la vitalidad de los ecosistemas marinos y terrestres. Al seguir una dieta herb\u00edvora relativamente estricta, aliment\u00e1ndose principalmente de pastos marinos y algas, estas magn\u00edficas criaturas fortalecen la productividad de los lechos de pastos marinos y su contenido de nutrientes, previniendo as\u00ed el crecimiento excesivo, la obstrucci\u00f3n de las corrientes, la descomposici\u00f3n y el crecimiento desmesurado de algas, pastos marinos y hongos. Al arrancar las hojas de los pastos marinos justo por encima de la ra\u00edz, los prados se mantienen sanos, fuertes y con gran cantidad de nutrientes, sirviendo como criaderos para numerosas especies de peces e invertebrados. Ofreciendo de esta manera un servicio de jardiner\u00eda perfecto. Una vez consumidos, los pastos marinos son digeridos r\u00e1pidamente por las tortugas verdes y se convierten en nutrientes reciclados para otras plantas y animales que habitan en los ecosistemas de pastos marinos. En los ecosistemas terrestres, las tortugas verdes influyen directa e indirectamente en el crecimiento de la vegetaci\u00f3n, la distribuci\u00f3n de las especies y la estabilidad de las dunas a trav\u00e9s de sus huevos. Los huevos sin eclosionar proporcionan una fuente concentrada de nutrientes esenciales, como nitr\u00f3geno, f\u00f3sforo y potasio, que favorecen el crecimiento de la vegetaci\u00f3n. Esta vegetaci\u00f3n costera estabiliza las dunas y las islas barrera, protegiendo las zonas interiores de los efectos de las olas, las corrientes y las mareas, y sirve de alimento a diversas especies herb\u00edvoras. Los huevos de tortuga tambi\u00e9n sirven de alimento a numerosos depredadores , como cangrejos, zorros, mapaches, gatos asilvestrados y buitres; sus heces, ricas en nutrientes , promueven a\u00fan m\u00e1s el crecimiento de la vegetaci\u00f3n. Las tortugas verdes desempe\u00f1an un papel fundamental en las cadenas alimentarias terrestres y marinas, ya que sus huevos, cr\u00edas y juveniles constituyen una importante fuente de alimento para numerosas especies. Debido al significativo impacto que tienen en su entorno, las tortugas verdes son una especie clave para muchos ecosistemas marinos. Los efectos de la disminuci\u00f3n de sus poblaciones se han observado ampliamente en el mar, afectando la distribuci\u00f3n de especies animales y vegetales, as\u00ed como la forma y la salud de los paisajes marinos. Por ello, tambi\u00e9n desempe\u00f1an un papel importante como especie indicadora , ya que su abundancia, patrones migratorios, \u00e9xito reproductivo, distribuci\u00f3n y salud reflejan la calidad de su entorno. Lamentablemente, la tortuga verde tambi\u00e9n se ha descrito como un bioindicador para el monitoreo de la contaminaci\u00f3n por pl\u00e1sticos en el Oc\u00e9ano Pac\u00edfico Norte , debido a su propensi\u00f3n a ingerir desechos pl\u00e1sticos. Forma de citar: Tiburcio-Pintos, G. (2025). Tortugas Marinas-Navegantes Ancestrales del Golfo de California. Barker Publishing LLC. I.S.B.N. Paperback | 979-8-89558-985-4 Ilustraci\u00f3n dedicada por la autora a Rafael Bravo<\/p>\n","protected":false},"author":2,"featured_media":443,"parent":0,"menu_order":0,"comment_status":"closed","ping_status":"closed","template":"","meta":{"footnotes":""},"class_list":["post-409","page","type-page","status-publish","has-post-thumbnail","hentry"],"jetpack_sharing_enabled":true,"_links":{"self":[{"href":"https:\/\/organizacionsycoma.org\/index.php?rest_route=\/wp\/v2\/pages\/409","targetHints":{"allow":["GET"]}}],"collection":[{"href":"https:\/\/organizacionsycoma.org\/index.php?rest_route=\/wp\/v2\/pages"}],"about":[{"href":"https:\/\/organizacionsycoma.org\/index.php?rest_route=\/wp\/v2\/types\/page"}],"author":[{"embeddable":true,"href":"https:\/\/organizacionsycoma.org\/index.php?rest_route=\/wp\/v2\/users\/2"}],"replies":[{"embeddable":true,"href":"https:\/\/organizacionsycoma.org\/index.php?rest_route=%2Fwp%2Fv2%2Fcomments&post=409"}],"version-history":[{"count":3,"href":"https:\/\/organizacionsycoma.org\/index.php?rest_route=\/wp\/v2\/pages\/409\/revisions"}],"predecessor-version":[{"id":445,"href":"https:\/\/organizacionsycoma.org\/index.php?rest_route=\/wp\/v2\/pages\/409\/revisions\/445"}],"wp:featuredmedia":[{"embeddable":true,"href":"https:\/\/organizacionsycoma.org\/index.php?rest_route=\/wp\/v2\/media\/443"}],"wp:attachment":[{"href":"https:\/\/organizacionsycoma.org\/index.php?rest_route=%2Fwp%2Fv2%2Fmedia&parent=409"}],"curies":[{"name":"wp","href":"https:\/\/api.w.org\/{rel}","templated":true}]}}