{"id":407,"date":"2025-10-04T19:57:45","date_gmt":"2025-10-05T01:57:45","guid":{"rendered":"https:\/\/organizacionsycoma.org\/?page_id=407"},"modified":"2025-10-27T18:52:48","modified_gmt":"2025-10-28T00:52:48","slug":"tortuga-lora","status":"publish","type":"page","link":"https:\/\/organizacionsycoma.org\/?page_id=407","title":{"rendered":"Tortuga lora, ejemplo del \u00e9xito en la Conservaci\u00f3n"},"content":{"rendered":"\n<p>La <strong>tortuga lora<\/strong>, \u200b tortuga cotorra, o tortuga bastarda, <em><strong>Lepidochelys kempii<\/strong><\/em> es una especie de tortuga marina de la familia <em>Cheloniidae<\/em>. Es la tortuga marina m\u00e1s peque\u00f1a del mundo llegando a medir hasta 90 cm y pesar hasta 45 kg. Se alimenta de moluscos, crust\u00e1ceos, medusas, algas y erizos de mar.<\/p>\n\n\n\n<p>La tortuga lora (<strong>Kemp&#8217;s Rydley<\/strong> por su nombre en ingl\u00e9s) recibe su nombre de Richard M. Kemp, pescador de Cayo Hueso, Florida, quien la present\u00f3 por primera vez para su identificaci\u00f3n en 1906. Se encuentra principalmente en el Golfo de M\u00e9xico, pero tambi\u00e9n se encuentran ejemplares j\u00f3venes en el Oc\u00e9ano Atl\u00e1ntico, llegando hasta Nueva Escocia y, a veces, incluso en la parte oriental del Oc\u00e9ano Atl\u00e1ntico Norte.<\/p>\n\n\n\n<p>Es la \u00fanica especie de tortuga marina que anida habitualmente durante el d\u00eda y es una de las dos especies de tortugas marinas que realizan la anidaci\u00f3n de arribada, donde grandes grupos de hembras se re\u00fanen en alta mar y llegan a la playa para anidar todas a la vez. La mayor parte de la anidaci\u00f3n de la tortuga lora se produce en las playas del oeste del Golfo de Mexico, y el 95 % de la anidaci\u00f3n mundial se concentra en el estado de Tamaulipas, M\u00e9xico, tambi\u00e9n se observan anidaciones en Veracruz, M\u00e9xico, y en Texas, pero a una escala mucho menor. Se han documentado anidaciones ocasionales en Carolina del Norte, Carolina del Sur, Georgia, Florida y Alabama.<\/p>\n\n\n\n<p>Antes de mediados del siglo XX, la tortuga lora era abundante en el Golfo de M\u00e9xico. Un video de 1947 document\u00f3 decenas de miles de tortugas lora anidando cerca de Rancho Nuevo, M\u00e9xico, en un solo d\u00eda. La poblaci\u00f3n se desplom\u00f3 a mediados del siglo XX, llegando a un m\u00ednimo de solo unos pocos cientos de hembras anidando (menos de 250 nidos) en la d\u00e9cada de 1980. Se implementaron intensas acciones de conservaci\u00f3n en las playas de anidaci\u00f3n y mediante la gesti\u00f3n pesquera.<\/p>\n\n\n\n<p>Debido a las intensas acciones de conservaci\u00f3n, la tortuga lora comenz\u00f3 a recuperarse lentamente durante la d\u00e9cada de 1990. El n\u00famero de nidos aument\u00f3 alrededor de un 15 por ciento cada a\u00f1o hasta 2009. Sin embargo, en 2010 este r\u00e1pido aumento termin\u00f3 abruptamente y el n\u00famero de nidos ha fluctuado desde entonces pero manteni\u00e9ndose. El cambio inesperado en la anidaci\u00f3n de la tortuga lora resalta la importancia de continuar con los esfuerzos de protecci\u00f3n, monitoreo y conservaci\u00f3n. En M\u00e9xico se encuentra catalogada en Peligro de Extinci\u00f3n.<\/p>\n\n\n\n<p>Ilustraci\u00f3n con dedicaci\u00f3n especial para Aurora Manzano, Irmiux Galvani y todo el equipo de <a href=\"https:\/\/www.facebook.com\/LiberacionDeTortugasMarinasEnTecolutlaVeracruz?__cft__[0]=AZXWBmfa5MIoWVCQtdx9UocRNf4FUg3LE0ZlqM_bnm8pI2Ieu7u-2YI-wxNA36aQyO70Z2xh18Oah19tmRkYVPsjT89xuP2N7bkQXAcA2WeOY7iFL-aAYIhgury2w7MjEcoUkGqEX9RsMv9y6WKIyL5ajvkiUN6hhsyk5oee2Xa4KGsHehVZ_-2SKbZRBwN1jpk&amp;__tn__=-]K-R\">Vida Milenaria A.C.<\/a><\/p>\n\n\n\n<p>Tomado de: Tiburcio-Pintos, G. (2025). Tortugas Marinas-Navegantes Ancestrales del Golfo de California. Barker Publishing LLC. I.S.B.N. Paperback | 979-8-89558-985-4, I.S.B.N. Hardcover | 979-8-89558-986-1., I.S.B.N. eBook | 979-8-89558-984-7. Tacoma, WA., USA. (pp. 444).Tortugas Marinas Navegantes Ancestrales<\/p>\n\n\n\n<figure class=\"wp-block-image size-large\"><img loading=\"lazy\" decoding=\"async\" width=\"1024\" height=\"794\" src=\"https:\/\/organizacionsycoma.org\/wp-content\/uploads\/2025\/10\/LORA-WEB-1024x794.jpg\" alt=\"\" class=\"wp-image-435\" srcset=\"https:\/\/organizacionsycoma.org\/wp-content\/uploads\/2025\/10\/LORA-WEB-1024x794.jpg 1024w, https:\/\/organizacionsycoma.org\/wp-content\/uploads\/2025\/10\/LORA-WEB-300x232.jpg 300w, https:\/\/organizacionsycoma.org\/wp-content\/uploads\/2025\/10\/LORA-WEB-768x595.jpg 768w, https:\/\/organizacionsycoma.org\/wp-content\/uploads\/2025\/10\/LORA-WEB-1536x1190.jpg 1536w, https:\/\/organizacionsycoma.org\/wp-content\/uploads\/2025\/10\/LORA-WEB-1140x883.jpg 1140w, https:\/\/organizacionsycoma.org\/wp-content\/uploads\/2025\/10\/LORA-WEB.jpg 2048w\" sizes=\"auto, (max-width: 1024px) 100vw, 1024px\" \/><\/figure>\n","protected":false},"excerpt":{"rendered":"<p>La tortuga lora, \u200b tortuga cotorra, o tortuga bastarda, Lepidochelys kempii es una especie de tortuga marina de la familia Cheloniidae. Es la tortuga marina m\u00e1s peque\u00f1a del mundo llegando a medir hasta 90 cm y pesar hasta 45 kg. Se alimenta de moluscos, crust\u00e1ceos, medusas, algas y erizos de mar. La tortuga lora (Kemp&#8217;s Rydley por su nombre en ingl\u00e9s) recibe su nombre de Richard M. Kemp, pescador de Cayo Hueso, Florida, quien la present\u00f3 por primera vez para su identificaci\u00f3n en 1906. Se encuentra principalmente en el Golfo de M\u00e9xico, pero tambi\u00e9n se encuentran ejemplares j\u00f3venes en el Oc\u00e9ano Atl\u00e1ntico, llegando hasta Nueva Escocia y, a veces, incluso en la parte oriental del Oc\u00e9ano Atl\u00e1ntico Norte. Es la \u00fanica especie de tortuga marina que anida habitualmente durante el d\u00eda y es una de las dos especies de tortugas marinas que realizan la anidaci\u00f3n de arribada, donde grandes grupos de hembras se re\u00fanen en alta mar y llegan a la playa para anidar todas a la vez. La mayor parte de la anidaci\u00f3n de la tortuga lora se produce en las playas del oeste del Golfo de Mexico, y el 95 % de la anidaci\u00f3n mundial se concentra en el estado de Tamaulipas, M\u00e9xico, tambi\u00e9n se observan anidaciones en Veracruz, M\u00e9xico, y en Texas, pero a una escala mucho menor. Se han documentado anidaciones ocasionales en Carolina del Norte, Carolina del Sur, Georgia, Florida y Alabama. Antes de mediados del siglo XX, la tortuga lora era abundante en el Golfo de M\u00e9xico. Un video de 1947 document\u00f3 decenas de miles de tortugas lora anidando cerca de Rancho Nuevo, M\u00e9xico, en un solo d\u00eda. La poblaci\u00f3n se desplom\u00f3 a mediados del siglo XX, llegando a un m\u00ednimo de solo unos pocos cientos de hembras anidando (menos de 250 nidos) en la d\u00e9cada de 1980. Se implementaron intensas acciones de conservaci\u00f3n en las playas de anidaci\u00f3n y mediante la gesti\u00f3n pesquera. Debido a las intensas acciones de conservaci\u00f3n, la tortuga lora comenz\u00f3 a recuperarse lentamente durante la d\u00e9cada de 1990. El n\u00famero de nidos aument\u00f3 alrededor de un 15 por ciento cada a\u00f1o hasta 2009. Sin embargo, en 2010 este r\u00e1pido aumento termin\u00f3 abruptamente y el n\u00famero de nidos ha fluctuado desde entonces pero manteni\u00e9ndose. El cambio inesperado en la anidaci\u00f3n de la tortuga lora resalta la importancia de continuar con los esfuerzos de protecci\u00f3n, monitoreo y conservaci\u00f3n. En M\u00e9xico se encuentra catalogada en Peligro de Extinci\u00f3n. Ilustraci\u00f3n con dedicaci\u00f3n especial para Aurora Manzano, Irmiux Galvani y todo el equipo de Vida Milenaria A.C. Tomado de: Tiburcio-Pintos, G. (2025). Tortugas Marinas-Navegantes Ancestrales del Golfo de California. Barker Publishing LLC. I.S.B.N. Paperback | 979-8-89558-985-4, I.S.B.N. Hardcover | 979-8-89558-986-1., I.S.B.N. eBook | 979-8-89558-984-7. Tacoma, WA., USA. (pp. 444).Tortugas Marinas Navegantes Ancestrales<\/p>\n","protected":false},"author":2,"featured_media":0,"parent":317,"menu_order":0,"comment_status":"closed","ping_status":"closed","template":"","meta":{"footnotes":""},"class_list":["post-407","page","type-page","status-publish","hentry"],"jetpack_sharing_enabled":true,"_links":{"self":[{"href":"https:\/\/organizacionsycoma.org\/index.php?rest_route=\/wp\/v2\/pages\/407","targetHints":{"allow":["GET"]}}],"collection":[{"href":"https:\/\/organizacionsycoma.org\/index.php?rest_route=\/wp\/v2\/pages"}],"about":[{"href":"https:\/\/organizacionsycoma.org\/index.php?rest_route=\/wp\/v2\/types\/page"}],"author":[{"embeddable":true,"href":"https:\/\/organizacionsycoma.org\/index.php?rest_route=\/wp\/v2\/users\/2"}],"replies":[{"embeddable":true,"href":"https:\/\/organizacionsycoma.org\/index.php?rest_route=%2Fwp%2Fv2%2Fcomments&post=407"}],"version-history":[{"count":3,"href":"https:\/\/organizacionsycoma.org\/index.php?rest_route=\/wp\/v2\/pages\/407\/revisions"}],"predecessor-version":[{"id":436,"href":"https:\/\/organizacionsycoma.org\/index.php?rest_route=\/wp\/v2\/pages\/407\/revisions\/436"}],"up":[{"embeddable":true,"href":"https:\/\/organizacionsycoma.org\/index.php?rest_route=\/wp\/v2\/pages\/317"}],"wp:attachment":[{"href":"https:\/\/organizacionsycoma.org\/index.php?rest_route=%2Fwp%2Fv2%2Fmedia&parent=407"}],"curies":[{"name":"wp","href":"https:\/\/api.w.org\/{rel}","templated":true}]}}