{"id":403,"date":"2025-10-04T19:54:07","date_gmt":"2025-10-05T01:54:07","guid":{"rendered":"https:\/\/organizacionsycoma.org\/?page_id=403"},"modified":"2025-10-04T19:54:07","modified_gmt":"2025-10-05T01:54:07","slug":"tortuga-carey-las-arquitectas-de-arrecifes","status":"publish","type":"page","link":"https:\/\/organizacionsycoma.org\/?page_id=403","title":{"rendered":"Tortuga Carey, las arquitectas de arrecifes"},"content":{"rendered":"\n<figure class=\"wp-block-image size-large\"><a href=\"https:\/\/organizacionsycoma.org\/wp-content\/uploads\/2025\/10\/SYCOMA-CAREY.jpg\"><img loading=\"lazy\" decoding=\"async\" width=\"1024\" height=\"717\" src=\"https:\/\/organizacionsycoma.org\/wp-content\/uploads\/2025\/10\/SYCOMA-CAREY-1024x717.jpg\" alt=\"\" class=\"wp-image-404\" srcset=\"https:\/\/organizacionsycoma.org\/wp-content\/uploads\/2025\/10\/SYCOMA-CAREY-1024x717.jpg 1024w, https:\/\/organizacionsycoma.org\/wp-content\/uploads\/2025\/10\/SYCOMA-CAREY-300x210.jpg 300w, https:\/\/organizacionsycoma.org\/wp-content\/uploads\/2025\/10\/SYCOMA-CAREY-768x537.jpg 768w, https:\/\/organizacionsycoma.org\/wp-content\/uploads\/2025\/10\/SYCOMA-CAREY-1140x798.jpg 1140w, https:\/\/organizacionsycoma.org\/wp-content\/uploads\/2025\/10\/SYCOMA-CAREY.jpg 1216w\" sizes=\"auto, (max-width: 1024px) 100vw, 1024px\" \/><\/a><\/figure>\n\n\n\n<p>La <strong>tortuga carey<\/strong>, <em><strong>Eretmochelys imbricata<\/strong><\/em>, pertenece a la familia Cheloniidae, fue famosa por su uso en joyer\u00eda y decoraci\u00f3n, por medio del pulido de sus escamas de bellos colores, aunque esto las llev\u00f3 casi a la extinci\u00f3n.<\/p>\n\n\n\n<p>Habita los tr\u00f3picos y se las puede ver aisladas o en grupos alrededor de formaciones coralinas y costas continentales e insulares. Es la m\u00e1s costera de todas las tortugas marinas y vive en aguas particularmente claras con abundante fauna bent\u00f3nica, arrecifes coralinos y mantos de algas o zacates marinos.<\/p>\n\n\n\n<p>La tortuga carey se alimenta casi exclusivamente de esponjas, y de determinadas especies, con lo que favorecen la abundancia de otras especies sin esta competencia.<\/p>\n\n\n\n<p>La tortuga carey se encuentra categorizada en la Lista Roja de la UICN como en peligro cr\u00edtico, est\u00e1 incluida en el Ap\u00e9ndice I de CITES y se incluye como especie en peligro de extinci\u00f3n en la norma mexicana NOM-059-SEMARNAT-2010.<\/p>\n","protected":false},"excerpt":{"rendered":"<p>La tortuga carey, Eretmochelys imbricata, pertenece a la familia Cheloniidae, fue famosa por su uso en joyer\u00eda y decoraci\u00f3n, por medio del pulido de sus escamas de bellos colores, aunque esto las llev\u00f3 casi a la extinci\u00f3n. Habita los tr\u00f3picos y se las puede ver aisladas o en grupos alrededor de formaciones coralinas y costas continentales e insulares. Es la m\u00e1s costera de todas las tortugas marinas y vive en aguas particularmente claras con abundante fauna bent\u00f3nica, arrecifes coralinos y mantos de algas o zacates marinos. La tortuga carey se alimenta casi exclusivamente de esponjas, y de determinadas especies, con lo que favorecen la abundancia de otras especies sin esta competencia. La tortuga carey se encuentra categorizada en la Lista Roja de la UICN como en peligro cr\u00edtico, est\u00e1 incluida en el Ap\u00e9ndice I de CITES y se incluye como especie en peligro de extinci\u00f3n en la norma mexicana NOM-059-SEMARNAT-2010.<\/p>\n","protected":false},"author":2,"featured_media":0,"parent":317,"menu_order":0,"comment_status":"closed","ping_status":"closed","template":"","meta":{"footnotes":""},"class_list":["post-403","page","type-page","status-publish","hentry"],"jetpack_sharing_enabled":true,"_links":{"self":[{"href":"https:\/\/organizacionsycoma.org\/index.php?rest_route=\/wp\/v2\/pages\/403","targetHints":{"allow":["GET"]}}],"collection":[{"href":"https:\/\/organizacionsycoma.org\/index.php?rest_route=\/wp\/v2\/pages"}],"about":[{"href":"https:\/\/organizacionsycoma.org\/index.php?rest_route=\/wp\/v2\/types\/page"}],"author":[{"embeddable":true,"href":"https:\/\/organizacionsycoma.org\/index.php?rest_route=\/wp\/v2\/users\/2"}],"replies":[{"embeddable":true,"href":"https:\/\/organizacionsycoma.org\/index.php?rest_route=%2Fwp%2Fv2%2Fcomments&post=403"}],"version-history":[{"count":1,"href":"https:\/\/organizacionsycoma.org\/index.php?rest_route=\/wp\/v2\/pages\/403\/revisions"}],"predecessor-version":[{"id":405,"href":"https:\/\/organizacionsycoma.org\/index.php?rest_route=\/wp\/v2\/pages\/403\/revisions\/405"}],"up":[{"embeddable":true,"href":"https:\/\/organizacionsycoma.org\/index.php?rest_route=\/wp\/v2\/pages\/317"}],"wp:attachment":[{"href":"https:\/\/organizacionsycoma.org\/index.php?rest_route=%2Fwp%2Fv2%2Fmedia&parent=403"}],"curies":[{"name":"wp","href":"https:\/\/api.w.org\/{rel}","templated":true}]}}