{"id":399,"date":"2025-10-02T20:01:11","date_gmt":"2025-10-03T02:01:11","guid":{"rendered":"https:\/\/organizacionsycoma.org\/?page_id=399"},"modified":"2025-10-27T18:59:08","modified_gmt":"2025-10-28T00:59:08","slug":"tortuga-laud-el-gigante-de-los-mares","status":"publish","type":"page","link":"https:\/\/organizacionsycoma.org\/?page_id=399","title":{"rendered":"Tortuga la\u00fad, el gigante de los mares"},"content":{"rendered":"\n<figure class=\"wp-block-image size-large\"><a href=\"https:\/\/organizacionsycoma.org\/wp-content\/uploads\/2025\/10\/SYCOMA-LAUD.jpg\"><img loading=\"lazy\" decoding=\"async\" width=\"1024\" height=\"717\" src=\"https:\/\/organizacionsycoma.org\/wp-content\/uploads\/2025\/10\/SYCOMA-LAUD-1024x717.jpg\" alt=\"\" class=\"wp-image-400\" srcset=\"https:\/\/organizacionsycoma.org\/wp-content\/uploads\/2025\/10\/SYCOMA-LAUD-1024x717.jpg 1024w, https:\/\/organizacionsycoma.org\/wp-content\/uploads\/2025\/10\/SYCOMA-LAUD-300x210.jpg 300w, https:\/\/organizacionsycoma.org\/wp-content\/uploads\/2025\/10\/SYCOMA-LAUD-768x537.jpg 768w, https:\/\/organizacionsycoma.org\/wp-content\/uploads\/2025\/10\/SYCOMA-LAUD-1140x798.jpg 1140w, https:\/\/organizacionsycoma.org\/wp-content\/uploads\/2025\/10\/SYCOMA-LAUD.jpg 1216w\" sizes=\"auto, (max-width: 1024px) 100vw, 1024px\" \/><\/a><\/figure>\n\n\n\n<p>Tortuga La\u00fad (<em><strong>Dermochelys coriacea<\/strong><\/em>).<\/p>\n\n\n\n<p>La tortuga la\u00fad es uno de los vertebrados m\u00e1s grandes y notables que habitan en los oc\u00e9anos del mundo. Localmente conocida como tortuga la\u00fad, de canal, de cuero, tinglado, tinglar, gal\u00e1pago, machincuepo, siete filos, ba\u00fala, tora, de pellejo, Garapacho entre otros. Es el \u00fanico miembro de la familia Dermochelyidae, cuya existencia se remonta a m\u00e1s de 100 millones de a\u00f1os (Tiburcio, 2025).<\/p>\n\n\n\n<p>Es la tortuga m\u00e1s grande del mundo, su concha alcanza m\u00e1s de 2 m de longitud y su peso corporal puede llegar hasta 800 kg en promedio. Sus h\u00e1bitos son m\u00e1s pel\u00e1gicos que la de cualquier otra especie de tortuga, y se alimenta de las abundantes medusas y otros organismos gelatinosos del megaplancton asociados con la capa de difusi\u00f3n profunda mar adentro. Su gran tama\u00f1o les proporciona una considerable inercia t\u00e9rmica que evita que se enfr\u00eden excesivamente o se sobrecalienten. Esta termorregulaci\u00f3n, parecida a la de los organismos endot\u00e9rmicos y conocida como \u201cgigantotermia\u201d, permite a las tortugas laudes acceder a recursos alimenticios de aguas fr\u00edas que resultan inaccesibles para otras especies de tortugas (Tiburcio, 2025).<\/p>\n\n\n\n<p>Por a\u00f1os, las pesquer\u00edas comerciales han notado un incremento dram\u00e1tico en las poblaciones de medusas que ocurren en el oc\u00e9ano Atl\u00e1ntico; a menudo estas medusas se concentran en regiones espec\u00edficas en el oc\u00e9ano donde ellas se alimentan de larvas de peces (que incluyen importantes especies comerciales). La preocupaci\u00f3n estriba en que grandes cantidades de medusas diesen como resultado pocas larvas de peces que logren sobrevivir a un estado adulto para que los pescadores logren capturar. Uno de los principales depredadores de las poblaciones de medusas son las tortugas la\u00fad. La principal causa de mortalidad de las tortugas la\u00fad es la captura accidental (por pesquer\u00edas) como las comerciales. Derivado a que las tortugas marinas pueden jugar un papel tan dominante en el control de las grandes poblaciones de medusas en los oc\u00e9anos, la desaparici\u00f3n de la tortuga la\u00fad derivado a las actividades de pesca comercial podr\u00edan condenar tanto la industria como a esta especie de tortugas marinas (Tiburcio, 2025).<\/p>\n\n\n\n<p>Tomado de: Tiburcio-Pintos, G. (2025). Tortugas Marinas-Navegantes Ancestrales del Golfo de California. Barker Publishing LLC. I.S.B.N. Paperback | 979-8-89558-985-4, I.S.B.N. Hardcover | 979-8-89558-986-1., I.S.B.N. eBook | 979-8-89558-984-7. Tacoma, WA., USA. (pp. 444).<\/p>\n","protected":false},"excerpt":{"rendered":"<p>Tortuga La\u00fad (Dermochelys coriacea). La tortuga la\u00fad es uno de los vertebrados m\u00e1s grandes y notables que habitan en los oc\u00e9anos del mundo. Localmente conocida como tortuga la\u00fad, de canal, de cuero, tinglado, tinglar, gal\u00e1pago, machincuepo, siete filos, ba\u00fala, tora, de pellejo, Garapacho entre otros. Es el \u00fanico miembro de la familia Dermochelyidae, cuya existencia se remonta a m\u00e1s de 100 millones de a\u00f1os (Tiburcio, 2025). Es la tortuga m\u00e1s grande del mundo, su concha alcanza m\u00e1s de 2 m de longitud y su peso corporal puede llegar hasta 800 kg en promedio. Sus h\u00e1bitos son m\u00e1s pel\u00e1gicos que la de cualquier otra especie de tortuga, y se alimenta de las abundantes medusas y otros organismos gelatinosos del megaplancton asociados con la capa de difusi\u00f3n profunda mar adentro. Su gran tama\u00f1o les proporciona una considerable inercia t\u00e9rmica que evita que se enfr\u00eden excesivamente o se sobrecalienten. Esta termorregulaci\u00f3n, parecida a la de los organismos endot\u00e9rmicos y conocida como \u201cgigantotermia\u201d, permite a las tortugas laudes acceder a recursos alimenticios de aguas fr\u00edas que resultan inaccesibles para otras especies de tortugas (Tiburcio, 2025). Por a\u00f1os, las pesquer\u00edas comerciales han notado un incremento dram\u00e1tico en las poblaciones de medusas que ocurren en el oc\u00e9ano Atl\u00e1ntico; a menudo estas medusas se concentran en regiones espec\u00edficas en el oc\u00e9ano donde ellas se alimentan de larvas de peces (que incluyen importantes especies comerciales). La preocupaci\u00f3n estriba en que grandes cantidades de medusas diesen como resultado pocas larvas de peces que logren sobrevivir a un estado adulto para que los pescadores logren capturar. Uno de los principales depredadores de las poblaciones de medusas son las tortugas la\u00fad. La principal causa de mortalidad de las tortugas la\u00fad es la captura accidental (por pesquer\u00edas) como las comerciales. Derivado a que las tortugas marinas pueden jugar un papel tan dominante en el control de las grandes poblaciones de medusas en los oc\u00e9anos, la desaparici\u00f3n de la tortuga la\u00fad derivado a las actividades de pesca comercial podr\u00edan condenar tanto la industria como a esta especie de tortugas marinas (Tiburcio, 2025). Tomado de: Tiburcio-Pintos, G. (2025). Tortugas Marinas-Navegantes Ancestrales del Golfo de California. Barker Publishing LLC. I.S.B.N. Paperback | 979-8-89558-985-4, I.S.B.N. Hardcover | 979-8-89558-986-1., I.S.B.N. eBook | 979-8-89558-984-7. Tacoma, WA., USA. (pp. 444).<\/p>\n","protected":false},"author":2,"featured_media":0,"parent":317,"menu_order":0,"comment_status":"closed","ping_status":"closed","template":"","meta":{"footnotes":""},"class_list":["post-399","page","type-page","status-publish","hentry"],"jetpack_sharing_enabled":true,"_links":{"self":[{"href":"https:\/\/organizacionsycoma.org\/index.php?rest_route=\/wp\/v2\/pages\/399","targetHints":{"allow":["GET"]}}],"collection":[{"href":"https:\/\/organizacionsycoma.org\/index.php?rest_route=\/wp\/v2\/pages"}],"about":[{"href":"https:\/\/organizacionsycoma.org\/index.php?rest_route=\/wp\/v2\/types\/page"}],"author":[{"embeddable":true,"href":"https:\/\/organizacionsycoma.org\/index.php?rest_route=\/wp\/v2\/users\/2"}],"replies":[{"embeddable":true,"href":"https:\/\/organizacionsycoma.org\/index.php?rest_route=%2Fwp%2Fv2%2Fcomments&post=399"}],"version-history":[{"count":3,"href":"https:\/\/organizacionsycoma.org\/index.php?rest_route=\/wp\/v2\/pages\/399\/revisions"}],"predecessor-version":[{"id":438,"href":"https:\/\/organizacionsycoma.org\/index.php?rest_route=\/wp\/v2\/pages\/399\/revisions\/438"}],"up":[{"embeddable":true,"href":"https:\/\/organizacionsycoma.org\/index.php?rest_route=\/wp\/v2\/pages\/317"}],"wp:attachment":[{"href":"https:\/\/organizacionsycoma.org\/index.php?rest_route=%2Fwp%2Fv2%2Fmedia&parent=399"}],"curies":[{"name":"wp","href":"https:\/\/api.w.org\/{rel}","templated":true}]}}