{"id":394,"date":"2025-10-02T19:25:31","date_gmt":"2025-10-03T01:25:31","guid":{"rendered":"https:\/\/organizacionsycoma.org\/?page_id=394"},"modified":"2025-10-02T19:25:31","modified_gmt":"2025-10-03T01:25:31","slug":"tortuga-golfina","status":"publish","type":"page","link":"https:\/\/organizacionsycoma.org\/?page_id=394","title":{"rendered":"Tortuga golfina"},"content":{"rendered":"\n<figure class=\"wp-block-image size-large\"><a href=\"https:\/\/organizacionsycoma.org\/wp-content\/uploads\/2025\/10\/SYCOMA-GOLFINA.jpg\"><img loading=\"lazy\" decoding=\"async\" width=\"1024\" height=\"712\" src=\"https:\/\/organizacionsycoma.org\/wp-content\/uploads\/2025\/10\/SYCOMA-GOLFINA-1024x712.jpg\" alt=\"\" class=\"wp-image-395\" srcset=\"https:\/\/organizacionsycoma.org\/wp-content\/uploads\/2025\/10\/SYCOMA-GOLFINA-1024x712.jpg 1024w, https:\/\/organizacionsycoma.org\/wp-content\/uploads\/2025\/10\/SYCOMA-GOLFINA-300x208.jpg 300w, https:\/\/organizacionsycoma.org\/wp-content\/uploads\/2025\/10\/SYCOMA-GOLFINA-768x534.jpg 768w, https:\/\/organizacionsycoma.org\/wp-content\/uploads\/2025\/10\/SYCOMA-GOLFINA-1140x792.jpg 1140w, https:\/\/organizacionsycoma.org\/wp-content\/uploads\/2025\/10\/SYCOMA-GOLFINA.jpg 1216w\" sizes=\"auto, (max-width: 1024px) 100vw, 1024px\" \/><\/a><\/figure>\n\n\n\n<p>La tortuga golfina est\u00e1 ubicada en la familia Cheloniidae, correspondiendo al g\u00e9nero Lepidochelys. Su nombre cient\u00edfico es <em><strong>Lepidochelys olivacea<\/strong><\/em>, conocida comunmente como golfina, pinta, frijolilla, sacasillo, caguama, parlama y garapachi.<\/p>\n\n\n\n<p>Es la tortuga marina m\u00e1s peque\u00f1a del oc\u00e9ano Pac\u00edfico. <strong>Se distribuye a lo largo de las costas del oc\u00e9ano Pac\u00edfico, desde la Pen\u00ednsula de Baja California hasta Quinteros, en Chile.<\/strong><\/p>\n\n\n\n<p>Se trata de una <strong>especie carn\u00edvora durante toda su vida<\/strong>, aliment\u00e1ndose de organismos pel\u00e1gicos como langostillas, huevos de peces, e incluso de colonias de Urochordata; en aguas costeras se alimenta de crust\u00e1ceos, moluscos, peces y salpas.<\/p>\n\n\n\n<p>Esta especie es la que puede desde desovar de forma aislada, a formar grandes e inmensos grupos como en el caso de las denominadas <strong>\u00abarribadas\u00bb con cientos o miles de tortugas anidando en los mismos puntos durante varios d\u00edas consecutivos, convirti\u00e9ndose en uno de los fen\u00f3menos m\u00e1s espectaculares de la naturaleza<\/strong>. Los cientos de miles de huevos que depositan se convierten en una fuente important\u00edsima de nutrientes y energ\u00eda en las playas arenosas ya de por s\u00ed ecosistemas no ricos en materia org\u00e1nica. Una vez que nacen esas inmensas cantidades de cr\u00edas, alimentan a toda la cadena tr\u00f3fica terrestre y mar\u00edtima cercana a la playa.<\/p>\n\n\n\n<p><strong>La tortuga golfina se encuentra enlistada como vulnerable por la IUCN, est\u00e1 incluida en el Ap\u00e9ndice I del CITES y la norma mexicana NOM-059-SEMARNAT-2010 la incluye como especie en peligro de extinci\u00f3n. <\/strong>Gracias a medidas como la prohibici\u00f3n de la pesca de tortugas marinas en M\u00e9xico actualmente la especie poco a poco parece que va recuper\u00e1ndose.<\/p>\n","protected":false},"excerpt":{"rendered":"<p>La tortuga golfina est\u00e1 ubicada en la familia Cheloniidae, correspondiendo al g\u00e9nero Lepidochelys. Su nombre cient\u00edfico es Lepidochelys olivacea, conocida comunmente como golfina, pinta, frijolilla, sacasillo, caguama, parlama y garapachi. Es la tortuga marina m\u00e1s peque\u00f1a del oc\u00e9ano Pac\u00edfico. Se distribuye a lo largo de las costas del oc\u00e9ano Pac\u00edfico, desde la Pen\u00ednsula de Baja California hasta Quinteros, en Chile. Se trata de una especie carn\u00edvora durante toda su vida, aliment\u00e1ndose de organismos pel\u00e1gicos como langostillas, huevos de peces, e incluso de colonias de Urochordata; en aguas costeras se alimenta de crust\u00e1ceos, moluscos, peces y salpas. Esta especie es la que puede desde desovar de forma aislada, a formar grandes e inmensos grupos como en el caso de las denominadas \u00abarribadas\u00bb con cientos o miles de tortugas anidando en los mismos puntos durante varios d\u00edas consecutivos, convirti\u00e9ndose en uno de los fen\u00f3menos m\u00e1s espectaculares de la naturaleza. Los cientos de miles de huevos que depositan se convierten en una fuente important\u00edsima de nutrientes y energ\u00eda en las playas arenosas ya de por s\u00ed ecosistemas no ricos en materia org\u00e1nica. Una vez que nacen esas inmensas cantidades de cr\u00edas, alimentan a toda la cadena tr\u00f3fica terrestre y mar\u00edtima cercana a la playa. La tortuga golfina se encuentra enlistada como vulnerable por la IUCN, est\u00e1 incluida en el Ap\u00e9ndice I del CITES y la norma mexicana NOM-059-SEMARNAT-2010 la incluye como especie en peligro de extinci\u00f3n. Gracias a medidas como la prohibici\u00f3n de la pesca de tortugas marinas en M\u00e9xico actualmente la especie poco a poco parece que va recuper\u00e1ndose.<\/p>\n","protected":false},"author":2,"featured_media":0,"parent":317,"menu_order":0,"comment_status":"closed","ping_status":"closed","template":"","meta":{"footnotes":""},"class_list":["post-394","page","type-page","status-publish","hentry"],"jetpack_sharing_enabled":true,"_links":{"self":[{"href":"https:\/\/organizacionsycoma.org\/index.php?rest_route=\/wp\/v2\/pages\/394","targetHints":{"allow":["GET"]}}],"collection":[{"href":"https:\/\/organizacionsycoma.org\/index.php?rest_route=\/wp\/v2\/pages"}],"about":[{"href":"https:\/\/organizacionsycoma.org\/index.php?rest_route=\/wp\/v2\/types\/page"}],"author":[{"embeddable":true,"href":"https:\/\/organizacionsycoma.org\/index.php?rest_route=\/wp\/v2\/users\/2"}],"replies":[{"embeddable":true,"href":"https:\/\/organizacionsycoma.org\/index.php?rest_route=%2Fwp%2Fv2%2Fcomments&post=394"}],"version-history":[{"count":2,"href":"https:\/\/organizacionsycoma.org\/index.php?rest_route=\/wp\/v2\/pages\/394\/revisions"}],"predecessor-version":[{"id":397,"href":"https:\/\/organizacionsycoma.org\/index.php?rest_route=\/wp\/v2\/pages\/394\/revisions\/397"}],"up":[{"embeddable":true,"href":"https:\/\/organizacionsycoma.org\/index.php?rest_route=\/wp\/v2\/pages\/317"}],"wp:attachment":[{"href":"https:\/\/organizacionsycoma.org\/index.php?rest_route=%2Fwp%2Fv2%2Fmedia&parent=394"}],"curies":[{"name":"wp","href":"https:\/\/api.w.org\/{rel}","templated":true}]}}