{"id":389,"date":"2025-10-02T18:19:27","date_gmt":"2025-10-03T00:19:27","guid":{"rendered":"https:\/\/organizacionsycoma.org\/?page_id=389"},"modified":"2025-10-27T18:43:50","modified_gmt":"2025-10-28T00:43:50","slug":"tortuga-caguama-mandibulas-poderosas","status":"publish","type":"page","link":"https:\/\/organizacionsycoma.org\/?page_id=389","title":{"rendered":"Tortuga caguama, mand\u00edbulas poderosas"},"content":{"rendered":"\n<figure class=\"wp-block-image size-large\"><a href=\"https:\/\/organizacionsycoma.org\/wp-content\/uploads\/2025\/10\/SYCOMA-CAGUAMA.jpg\"><img loading=\"lazy\" decoding=\"async\" width=\"1024\" height=\"717\" src=\"https:\/\/organizacionsycoma.org\/wp-content\/uploads\/2025\/10\/SYCOMA-CAGUAMA-1024x717.jpg\" alt=\"\" class=\"wp-image-390\" srcset=\"https:\/\/organizacionsycoma.org\/wp-content\/uploads\/2025\/10\/SYCOMA-CAGUAMA-1024x717.jpg 1024w, https:\/\/organizacionsycoma.org\/wp-content\/uploads\/2025\/10\/SYCOMA-CAGUAMA-300x210.jpg 300w, https:\/\/organizacionsycoma.org\/wp-content\/uploads\/2025\/10\/SYCOMA-CAGUAMA-768x537.jpg 768w, https:\/\/organizacionsycoma.org\/wp-content\/uploads\/2025\/10\/SYCOMA-CAGUAMA-1140x798.jpg 1140w, https:\/\/organizacionsycoma.org\/wp-content\/uploads\/2025\/10\/SYCOMA-CAGUAMA.jpg 1216w\" sizes=\"auto, (max-width: 1024px) 100vw, 1024px\" \/><\/a><\/figure>\n\n\n\n<p>La tortuga caguama, <em>Caretta caretta<\/em>, es ubicada en la familia <em>Cheloniidae<\/em>, correspondiendo al g\u00e9nero <em>Caretta<\/em>. En M\u00e9xico los nombres m\u00e1s comunes usados para esta especie son: tortuga caguama, amarilla, perica, lora, boba, jabalina o cabezona.<\/p>\n\n\n\n<p>Esta especie de tortuga marina se distribuye en ambos litorales de la Rep\u00fablica Mexicana, sin embargo los h\u00e1bitats que ocupan son diferentes y la problem\u00e1tica tambi\u00e9n. La Tortuga Caguama anida en las costas del Golfo de M\u00e9xico y Caribe Mexicano, siendo la zona de mayor densidad de anidaci\u00f3n la costa del estado de Quintana Roo. En el litoral del Pac\u00edfico mexicano, la especie no cuenta con zonas de anidaci\u00f3n; la poblaci\u00f3n identificada de Tortuga Caguama en Baja California Sur &#8211; localmente conocida como \u201cTortuga Amarilla &#8211; consta de juveniles y sub adultos pertenecientes a la poblaci\u00f3n que anida en Jap\u00f3n, lo que la convierte en una gran navegante ya que migra m\u00e1s de 10,000 km de Jap\u00f3n a Baja California Sur y otros tantos a la vuelta. Su distribuci\u00f3n abarca todo el Pac\u00edfico Norte, pero permanece la mayor parte de su ciclo de vida en el \u00e1rea de crianza cerca de la costa, en la Pen\u00ednsula de Baja California dentro del Golfo de Ulloa.<\/p>\n\n\n\n<p>Las tortugas caguamas son especies consideradas como pieza clave en el mundo de los oc\u00e9anos, al ser sus h\u00e1bitos alimenticios b\u00e1sicamente carn\u00edvoros, aliment\u00e1ndose principalmente de moluscos y crust\u00e1ceos. Son comedores de fondo, aunque pueden comer medusas en la superficie, cr\u00edas y juveniles tambi\u00e9n pueden alimentarse en la superficie de macroplanton. Las caguamas explotan regionalmente las presas abundantes, por ejemplo, en la costa del oc\u00e9ano Pac\u00edfico de la pen\u00ednsula de Baja California y el golfo de California el alimento m\u00e1s frecuente son las langostillas (Pleuroncodes planipes); aunque algunos pescadores tambi\u00e9n las reportan aliment\u00e1ndose de medusas. Tambi\u00e9n se les ha reportado aliment\u00e1ndose de peces, langostas, cangrejo azul, calamar y bivalvos.<\/p>\n\n\n\n<p>Desempe\u00f1an un rol central en la cadena alimenticia y de ellas dependen poblaciones de invertebrados que es de donde proviene la mayor parte de su alimento. El proceso de la caza de sus presas, incluye quebrar las conchas de los moluscos como caracoles, almejas y cangrejos. Parte de las conchas rotas, pasan a su sistema digestivo y otros pedazos caen en el fondo marino. Las peque\u00f1as partes que caen en el fondo son aprovechadas por otros organismos para consumirlos como un recurso de calcio. Las caguamas excavan los fondos marinos en busca de su alimento y durante este proceso, ellas cambian los fondos marinos tanto en la estructura f\u00edsica como en la biodiversidad de los fondos. Esto puede controlar la organizaci\u00f3n de la comunidad de las \u00e1reas en las que las tortugas se alimentan.<\/p>\n\n\n\n<p>En esencia, las caguamas favorecen gran variedad de plantas y animales que se adhieren a sus conchas y viajan a trav\u00e9s de los oc\u00e9anos con las tortugas. M\u00e1s de 100 especies de animales de 13 phyla y 37 especies de algas se ha reportado que viven en las conchas de las caguamas. Estos individuos aumentan la fricci\u00f3n, lo que requiere energ\u00eda extra para nadar. No es claro si existe alg\u00fan beneficio para la tortuga en este tipo de asociaci\u00f3n, aunque la variada comunidad de plantas y animales en el caparaz\u00f3n puede proporcionarle alg\u00fan camuflaje y su singular coloraci\u00f3n. Algunas especies de percebes son comunes en las conchas de las tortugas caguamas en Australia, al igual que los cangrejos. Los cangrejos Columbus (Planes minutus y Planes cyaneus) viven en el espacio entre la parte trasera del caparaz\u00f3n y las aletas traseras. Cuando una caguama juvenil aparece por primera vez en el agua cerca de la costa del este de Australia grandes percebes (Stephanolepas muricata) asociados a sus aletas delanteras y cangrejos Colombus est\u00e1n viviendo bajo el borde posterior del caparaz\u00f3n. Los percebes mueren en los siguientes meses, ya que las tortugas excavan con la parte inferior de sus aletas (donde se encuentran los percebes) mientras cazan para alimentarse y para preparar los lugares donde descansan por la noche. Los cangrejos desaparecen en un lapso de algunas semanas y con frecuencia se convierten en alimento de r\u00e9moras, peces que establecen su residencia con las tortugas. En pocos meses, el caparaz\u00f3n de una tortuga, una vez limpio, se cubre con algas y sus colores brillantes los cuales van desde amarillo hasta el naranja.<\/p>\n\n\n\n<p><strong>Forma de citar<\/strong>: Tiburcio-Pintos, G. (2025). Tortugas Marinas-Navegantes Ancestrales del Golfo de California. Barker Publishing LLC. I.S.B.N. Paperback | 979-8-89558-985-4, I.S.B.N. Hardcover | 979-8-89558-986-1., I.S.B.N. eBook | 979-8-89558-984-7. Tacoma, WA., USA. (pp. 444). Todo el material contenido en esta obra est\u00e1 protegido por la Ley Federal del Derecho de Autor (LFDA) de los Estados Unidos Mexicanos (M\u00e9xico).<\/p>\n","protected":false},"excerpt":{"rendered":"<p>La tortuga caguama, Caretta caretta, es ubicada en la familia Cheloniidae, correspondiendo al g\u00e9nero Caretta. En M\u00e9xico los nombres m\u00e1s comunes usados para esta especie son: tortuga caguama, amarilla, perica, lora, boba, jabalina o cabezona. Esta especie de tortuga marina se distribuye en ambos litorales de la Rep\u00fablica Mexicana, sin embargo los h\u00e1bitats que ocupan son diferentes y la problem\u00e1tica tambi\u00e9n. La Tortuga Caguama anida en las costas del Golfo de M\u00e9xico y Caribe Mexicano, siendo la zona de mayor densidad de anidaci\u00f3n la costa del estado de Quintana Roo. En el litoral del Pac\u00edfico mexicano, la especie no cuenta con zonas de anidaci\u00f3n; la poblaci\u00f3n identificada de Tortuga Caguama en Baja California Sur &#8211; localmente conocida como \u201cTortuga Amarilla &#8211; consta de juveniles y sub adultos pertenecientes a la poblaci\u00f3n que anida en Jap\u00f3n, lo que la convierte en una gran navegante ya que migra m\u00e1s de 10,000 km de Jap\u00f3n a Baja California Sur y otros tantos a la vuelta. Su distribuci\u00f3n abarca todo el Pac\u00edfico Norte, pero permanece la mayor parte de su ciclo de vida en el \u00e1rea de crianza cerca de la costa, en la Pen\u00ednsula de Baja California dentro del Golfo de Ulloa. Las tortugas caguamas son especies consideradas como pieza clave en el mundo de los oc\u00e9anos, al ser sus h\u00e1bitos alimenticios b\u00e1sicamente carn\u00edvoros, aliment\u00e1ndose principalmente de moluscos y crust\u00e1ceos. Son comedores de fondo, aunque pueden comer medusas en la superficie, cr\u00edas y juveniles tambi\u00e9n pueden alimentarse en la superficie de macroplanton. Las caguamas explotan regionalmente las presas abundantes, por ejemplo, en la costa del oc\u00e9ano Pac\u00edfico de la pen\u00ednsula de Baja California y el golfo de California el alimento m\u00e1s frecuente son las langostillas (Pleuroncodes planipes); aunque algunos pescadores tambi\u00e9n las reportan aliment\u00e1ndose de medusas. Tambi\u00e9n se les ha reportado aliment\u00e1ndose de peces, langostas, cangrejo azul, calamar y bivalvos. Desempe\u00f1an un rol central en la cadena alimenticia y de ellas dependen poblaciones de invertebrados que es de donde proviene la mayor parte de su alimento. El proceso de la caza de sus presas, incluye quebrar las conchas de los moluscos como caracoles, almejas y cangrejos. Parte de las conchas rotas, pasan a su sistema digestivo y otros pedazos caen en el fondo marino. Las peque\u00f1as partes que caen en el fondo son aprovechadas por otros organismos para consumirlos como un recurso de calcio. Las caguamas excavan los fondos marinos en busca de su alimento y durante este proceso, ellas cambian los fondos marinos tanto en la estructura f\u00edsica como en la biodiversidad de los fondos. Esto puede controlar la organizaci\u00f3n de la comunidad de las \u00e1reas en las que las tortugas se alimentan. En esencia, las caguamas favorecen gran variedad de plantas y animales que se adhieren a sus conchas y viajan a trav\u00e9s de los oc\u00e9anos con las tortugas. M\u00e1s de 100 especies de animales de 13 phyla y 37 especies de algas se ha reportado que viven en las conchas de las caguamas. Estos individuos aumentan la fricci\u00f3n, lo que requiere energ\u00eda extra para nadar. No es claro si existe alg\u00fan beneficio para la tortuga en este tipo de asociaci\u00f3n, aunque la variada comunidad de plantas y animales en el caparaz\u00f3n puede proporcionarle alg\u00fan camuflaje y su singular coloraci\u00f3n. Algunas especies de percebes son comunes en las conchas de las tortugas caguamas en Australia, al igual que los cangrejos. Los cangrejos Columbus (Planes minutus y Planes cyaneus) viven en el espacio entre la parte trasera del caparaz\u00f3n y las aletas traseras. Cuando una caguama juvenil aparece por primera vez en el agua cerca de la costa del este de Australia grandes percebes (Stephanolepas muricata) asociados a sus aletas delanteras y cangrejos Colombus est\u00e1n viviendo bajo el borde posterior del caparaz\u00f3n. Los percebes mueren en los siguientes meses, ya que las tortugas excavan con la parte inferior de sus aletas (donde se encuentran los percebes) mientras cazan para alimentarse y para preparar los lugares donde descansan por la noche. Los cangrejos desaparecen en un lapso de algunas semanas y con frecuencia se convierten en alimento de r\u00e9moras, peces que establecen su residencia con las tortugas. En pocos meses, el caparaz\u00f3n de una tortuga, una vez limpio, se cubre con algas y sus colores brillantes los cuales van desde amarillo hasta el naranja. Forma de citar: Tiburcio-Pintos, G. (2025). Tortugas Marinas-Navegantes Ancestrales del Golfo de California. Barker Publishing LLC. I.S.B.N. Paperback | 979-8-89558-985-4, I.S.B.N. Hardcover | 979-8-89558-986-1., I.S.B.N. eBook | 979-8-89558-984-7. Tacoma, WA., USA. (pp. 444). Todo el material contenido en esta obra est\u00e1 protegido por la Ley Federal del Derecho de Autor (LFDA) de los Estados Unidos Mexicanos (M\u00e9xico).<\/p>\n","protected":false},"author":2,"featured_media":0,"parent":317,"menu_order":0,"comment_status":"closed","ping_status":"closed","template":"","meta":{"footnotes":""},"class_list":["post-389","page","type-page","status-publish","hentry"],"jetpack_sharing_enabled":true,"_links":{"self":[{"href":"https:\/\/organizacionsycoma.org\/index.php?rest_route=\/wp\/v2\/pages\/389","targetHints":{"allow":["GET"]}}],"collection":[{"href":"https:\/\/organizacionsycoma.org\/index.php?rest_route=\/wp\/v2\/pages"}],"about":[{"href":"https:\/\/organizacionsycoma.org\/index.php?rest_route=\/wp\/v2\/types\/page"}],"author":[{"embeddable":true,"href":"https:\/\/organizacionsycoma.org\/index.php?rest_route=\/wp\/v2\/users\/2"}],"replies":[{"embeddable":true,"href":"https:\/\/organizacionsycoma.org\/index.php?rest_route=%2Fwp%2Fv2%2Fcomments&post=389"}],"version-history":[{"count":3,"href":"https:\/\/organizacionsycoma.org\/index.php?rest_route=\/wp\/v2\/pages\/389\/revisions"}],"predecessor-version":[{"id":433,"href":"https:\/\/organizacionsycoma.org\/index.php?rest_route=\/wp\/v2\/pages\/389\/revisions\/433"}],"up":[{"embeddable":true,"href":"https:\/\/organizacionsycoma.org\/index.php?rest_route=\/wp\/v2\/pages\/317"}],"wp:attachment":[{"href":"https:\/\/organizacionsycoma.org\/index.php?rest_route=%2Fwp%2Fv2%2Fmedia&parent=389"}],"curies":[{"name":"wp","href":"https:\/\/api.w.org\/{rel}","templated":true}]}}