{"id":383,"date":"2025-10-02T17:19:21","date_gmt":"2025-10-02T23:19:21","guid":{"rendered":"https:\/\/organizacionsycoma.org\/?page_id=383"},"modified":"2025-10-02T18:19:45","modified_gmt":"2025-10-03T00:19:45","slug":"tortuga-prieta-la-polemica","status":"publish","type":"page","link":"https:\/\/organizacionsycoma.org\/?page_id=383","title":{"rendered":"Tortuga prieta, la pol\u00e9mica"},"content":{"rendered":"\n<figure class=\"wp-block-image size-large\"><a href=\"https:\/\/organizacionsycoma.org\/wp-content\/uploads\/2025\/10\/SYCOMA-PRIETA.jpg\"><img loading=\"lazy\" decoding=\"async\" width=\"1024\" height=\"717\" src=\"https:\/\/organizacionsycoma.org\/wp-content\/uploads\/2025\/10\/SYCOMA-PRIETA-1024x717.jpg\" alt=\"\" class=\"wp-image-386\" srcset=\"https:\/\/organizacionsycoma.org\/wp-content\/uploads\/2025\/10\/SYCOMA-PRIETA-1024x717.jpg 1024w, https:\/\/organizacionsycoma.org\/wp-content\/uploads\/2025\/10\/SYCOMA-PRIETA-300x210.jpg 300w, https:\/\/organizacionsycoma.org\/wp-content\/uploads\/2025\/10\/SYCOMA-PRIETA-768x537.jpg 768w, https:\/\/organizacionsycoma.org\/wp-content\/uploads\/2025\/10\/SYCOMA-PRIETA-1140x798.jpg 1140w, https:\/\/organizacionsycoma.org\/wp-content\/uploads\/2025\/10\/SYCOMA-PRIETA.jpg 1216w\" sizes=\"auto, (max-width: 1024px) 100vw, 1024px\" \/><\/a><\/figure>\n\n\n\n<p>Aun en discusiones de si se clasifica como una octava especie <em>Chelonia agassizii<\/em> \u00f3 bien como una subespecie <em><strong>Chelonia mydas agassizii<\/strong><\/em>; la pol\u00e9mica surge por su distribuci\u00f3n geogr\u00e1fica confinada al Pac\u00edfico Centro-Oriental, adem\u00e1s de las diferencias morfol\u00f3gicas, h\u00e1bitos de alimentaci\u00f3n y reproducci\u00f3n con respecto a la tortuga blanca <em>Chelonia mydas<\/em>.<\/p>\n\n\n\n<p><strong>La tortuga prieta es com\u00fan desde el centro de la Pen\u00ednsula de Baja California y el Golfo de California hasta Chile, en el Pac\u00edfico<\/strong>. Vive principalmente en aguas costeras de moderada profundidad ricas en algas y pastos marinos. Durante los estadios juveniles es carn\u00edvora, pero a cierta edad (antes de los tres a\u00f1os), se vuelve herb\u00edvora. Es una especie altamente migratoria y se las puede encontrar en aguas abiertas, solitarias o formando agrupaciones llamadas \u00abflotillas\u00bb, recorriendo cientos y miles de kil\u00f3metros.<\/p>\n\n\n\n<p>Las tortugas fungen como una perturbaci\u00f3n natural, similar al oleaje de una tormenta creando una situaci\u00f3n qeu no s\u00f3lo promueve el crecimiento, sino que evita la exclusi\u00f3n competitiva de ciertas especies de algas de crecimiento m\u00e1s r\u00e1pido. Mediante el pastoreo selectivo las tortugas prietas mantienen las parcelas de pastoreo llenas de hojas j\u00f3venes m\u00e1s de su energ\u00eda disponible en nitr\u00f3geno y almid\u00f3n que en componentes estructurales, lo que beneficia no s\u00f3lo a las tortugas marinas, sino tambi\u00e9n a una amplia variedad de otros macro y micro herb\u00edvoros.<\/p>\n\n\n\n<p>La tortuga prieta era considerada la mejor para su consumo por la calidad y sabor de su carne, lo que hizo que su numero se viese muy disminuido hasta 1900 y un 50-70% m\u00e1s desde esa fecha hasta ahora hasta que <strong>hubo que protegerla, siendo incluida por la UICN en su Libro Rojo de especies en peligro de extinci\u00f3n, incluida en el Ap\u00e9ndice I de los acuerdos CITES bajo el mismo estatus y en M\u00e9xico en la NOM-059-SEMARNAT-2010.<\/strong><\/p>\n\n\n\n<p>Sin embargo <strong>los \u00faltimos resultados nos muestran un aumento de su presencia<\/strong> gracias a los planes de conservaci\u00f3n regionales implantados.<\/p>\n","protected":false},"excerpt":{"rendered":"<p>Aun en discusiones de si se clasifica como una octava especie Chelonia agassizii \u00f3 bien como una subespecie Chelonia mydas agassizii; la pol\u00e9mica surge por su distribuci\u00f3n geogr\u00e1fica confinada al Pac\u00edfico Centro-Oriental, adem\u00e1s de las diferencias morfol\u00f3gicas, h\u00e1bitos de alimentaci\u00f3n y reproducci\u00f3n con respecto a la tortuga blanca Chelonia mydas. La tortuga prieta es com\u00fan desde el centro de la Pen\u00ednsula de Baja California y el Golfo de California hasta Chile, en el Pac\u00edfico. Vive principalmente en aguas costeras de moderada profundidad ricas en algas y pastos marinos. Durante los estadios juveniles es carn\u00edvora, pero a cierta edad (antes de los tres a\u00f1os), se vuelve herb\u00edvora. Es una especie altamente migratoria y se las puede encontrar en aguas abiertas, solitarias o formando agrupaciones llamadas \u00abflotillas\u00bb, recorriendo cientos y miles de kil\u00f3metros. Las tortugas fungen como una perturbaci\u00f3n natural, similar al oleaje de una tormenta creando una situaci\u00f3n qeu no s\u00f3lo promueve el crecimiento, sino que evita la exclusi\u00f3n competitiva de ciertas especies de algas de crecimiento m\u00e1s r\u00e1pido. Mediante el pastoreo selectivo las tortugas prietas mantienen las parcelas de pastoreo llenas de hojas j\u00f3venes m\u00e1s de su energ\u00eda disponible en nitr\u00f3geno y almid\u00f3n que en componentes estructurales, lo que beneficia no s\u00f3lo a las tortugas marinas, sino tambi\u00e9n a una amplia variedad de otros macro y micro herb\u00edvoros. La tortuga prieta era considerada la mejor para su consumo por la calidad y sabor de su carne, lo que hizo que su numero se viese muy disminuido hasta 1900 y un 50-70% m\u00e1s desde esa fecha hasta ahora hasta que hubo que protegerla, siendo incluida por la UICN en su Libro Rojo de especies en peligro de extinci\u00f3n, incluida en el Ap\u00e9ndice I de los acuerdos CITES bajo el mismo estatus y en M\u00e9xico en la NOM-059-SEMARNAT-2010. Sin embargo los \u00faltimos resultados nos muestran un aumento de su presencia gracias a los planes de conservaci\u00f3n regionales implantados.<\/p>\n","protected":false},"author":2,"featured_media":0,"parent":317,"menu_order":0,"comment_status":"closed","ping_status":"closed","template":"","meta":{"footnotes":""},"class_list":["post-383","page","type-page","status-publish","hentry"],"jetpack_sharing_enabled":true,"_links":{"self":[{"href":"https:\/\/organizacionsycoma.org\/index.php?rest_route=\/wp\/v2\/pages\/383","targetHints":{"allow":["GET"]}}],"collection":[{"href":"https:\/\/organizacionsycoma.org\/index.php?rest_route=\/wp\/v2\/pages"}],"about":[{"href":"https:\/\/organizacionsycoma.org\/index.php?rest_route=\/wp\/v2\/types\/page"}],"author":[{"embeddable":true,"href":"https:\/\/organizacionsycoma.org\/index.php?rest_route=\/wp\/v2\/users\/2"}],"replies":[{"embeddable":true,"href":"https:\/\/organizacionsycoma.org\/index.php?rest_route=%2Fwp%2Fv2%2Fcomments&post=383"}],"version-history":[{"count":4,"href":"https:\/\/organizacionsycoma.org\/index.php?rest_route=\/wp\/v2\/pages\/383\/revisions"}],"predecessor-version":[{"id":392,"href":"https:\/\/organizacionsycoma.org\/index.php?rest_route=\/wp\/v2\/pages\/383\/revisions\/392"}],"up":[{"embeddable":true,"href":"https:\/\/organizacionsycoma.org\/index.php?rest_route=\/wp\/v2\/pages\/317"}],"wp:attachment":[{"href":"https:\/\/organizacionsycoma.org\/index.php?rest_route=%2Fwp%2Fv2%2Fmedia&parent=383"}],"curies":[{"name":"wp","href":"https:\/\/api.w.org\/{rel}","templated":true}]}}