{"id":317,"date":"2025-09-22T15:46:24","date_gmt":"2025-09-22T21:46:24","guid":{"rendered":"https:\/\/organizacionsycoma.org\/?page_id=317"},"modified":"2025-09-24T11:24:38","modified_gmt":"2025-09-24T17:24:38","slug":"tortugas-marinas","status":"publish","type":"page","link":"https:\/\/organizacionsycoma.org\/?page_id=317","title":{"rendered":"Tortugas Marinas"},"content":{"rendered":"\n<figure class=\"wp-block-image size-large\"><img loading=\"lazy\" decoding=\"async\" width=\"1024\" height=\"576\" src=\"https:\/\/organizacionsycoma.org\/wp-content\/uploads\/2025\/09\/BCS24344-20-WEB-1024x576.jpg\" alt=\"\" class=\"wp-image-332\" srcset=\"https:\/\/organizacionsycoma.org\/wp-content\/uploads\/2025\/09\/BCS24344-20-WEB-1024x576.jpg 1024w, https:\/\/organizacionsycoma.org\/wp-content\/uploads\/2025\/09\/BCS24344-20-WEB-300x169.jpg 300w, https:\/\/organizacionsycoma.org\/wp-content\/uploads\/2025\/09\/BCS24344-20-WEB-768x432.jpg 768w, https:\/\/organizacionsycoma.org\/wp-content\/uploads\/2025\/09\/BCS24344-20-WEB-1536x864.jpg 1536w, https:\/\/organizacionsycoma.org\/wp-content\/uploads\/2025\/09\/BCS24344-20-WEB-1140x641.jpg 1140w, https:\/\/organizacionsycoma.org\/wp-content\/uploads\/2025\/09\/BCS24344-20-WEB.jpg 2000w\" sizes=\"auto, (max-width: 1024px) 100vw, 1024px\" \/><figcaption class=\"wp-element-caption\"><em>Tortuga marina poniendo huevos en el nido. \u00a9 Graciela Tiburcio Pintos, all rights reserved<\/em><\/figcaption><\/figure>\n\n\n\n<p>M\u00e9xico tiene el orgullo de contar con seis de las siete especies de tortugas marinas que existen en el mundo. Y no nos limitamos a verlas pasar o venir, sino que las protegemos quedando amparadas por nuestra Legislaci\u00f3n. La <strong>NOM59 de la SEMARNAT<\/strong> establece que las seis especies de tortugas marinas son <strong>especies protegidas en nuestro pa\u00eds<\/strong>.<\/p>\n\n\n\n<p>Estas son las especies de tortugas marinas que visitan nuestras costas y playas:<\/p>\n\n\n\n<ul class=\"wp-block-list\">\n<li><strong>Tortuga Golfina<\/strong>, <em>Lepidochelys olivacea<\/em><\/li>\n\n\n\n<li><strong>Tortuga La\u00fad<\/strong>, <em>Dermochelys coriacea<\/em><\/li>\n\n\n\n<li><strong>Tortuga Caguama<\/strong>, <em>Caretta caretta<\/em><\/li>\n\n\n\n<li><strong>Tortuga verde<\/strong>, <em>Chelonia mydas<\/em><\/li>\n\n\n\n<li><strong>Tortuga lora<\/strong>, <em>Lepidochelys kempii<\/em><\/li>\n<\/ul>\n\n\n\n<p>Estos animales,  de los m\u00e1s interesantes en su biolog\u00eda, comportamientos, que han ido sido testigos de nuestra historia desde antes de la aparici\u00f3n del Ser Humano en la Tierra, corren en mayor o menor medida <strong>riesgo de extinci\u00f3n<\/strong>, debido por una parte a los <strong>cambios en el mecanismo clim\u00e1tico, qu\u00edmica y temperaturas de nuestros oc\u00e9anos<\/strong> y por otra por la <strong>falta de criterio y selecci\u00f3n de nuestros sistemas de pesca<\/strong>.<\/p>\n\n\n\n<p>En la actualidad la Organizaci\u00f3n SyCOMA desarrolla y gestiona la protecci\u00f3n y la conservaci\u00f3n de las tortugas marinas por medio de <strong>planes de manejo<\/strong> en playas de nuestro litoral, con la creaci\u00f3n y gesti\u00f3n de <strong>campamentos tortugueros<\/strong> con la colaboraci\u00f3n de voluntarios firmemente capacitados, apoyo de la iniciativa privada, y algunos de los mejores profesionales en este campo. Por otra parte, a nivel global la Organizaci\u00f3n SyCOMA colabora con organizaciones de la Sociedad Civil y organizaciones conservacionistas del Golfo de California y Pen\u00ednsula de Baja California como el esencial <strong>Grupo Tortuguero<\/strong> <strong>Las Californias<\/strong>, la <strong>Fundaci\u00f3n Ecol\u00f3gica Biomar<\/strong> y con la colaboraci\u00f3n de algunos de los hoteles de Los Cabos de forma activa y valios\u00edsima; trabajamos mano a mano con <strong>PROFEPA<\/strong> capacitando y nutriendo a esta entidad con muchos de sus vigilantes certificados, que no son m\u00e1s que ciudadanos que aman y cuidan la Naturaleza de Su Tierra. No puede faltar en nuestro trabajo la colaboraci\u00f3n y comunicaci\u00f3n abierta con algunos de los gestores locales que s\u00ed hacen por trabajar por la Conservaci\u00f3n de nuestra fauna y flora, siendo conscientes del valor que aportan a nuestros municipios.<\/p>\n\n\n\n<p><\/p>\n","protected":false},"excerpt":{"rendered":"<p>M\u00e9xico tiene el orgullo de contar con seis de las siete especies de tortugas marinas que existen en el mundo. Y no nos limitamos a verlas pasar o venir, sino que las protegemos quedando amparadas por nuestra Legislaci\u00f3n. La NOM59 de la SEMARNAT establece que las seis especies de tortugas marinas son especies protegidas en nuestro pa\u00eds. Estas son las especies de tortugas marinas que visitan nuestras costas y playas: Estos animales, de los m\u00e1s interesantes en su biolog\u00eda, comportamientos, que han ido sido testigos de nuestra historia desde antes de la aparici\u00f3n del Ser Humano en la Tierra, corren en mayor o menor medida riesgo de extinci\u00f3n, debido por una parte a los cambios en el mecanismo clim\u00e1tico, qu\u00edmica y temperaturas de nuestros oc\u00e9anos y por otra por la falta de criterio y selecci\u00f3n de nuestros sistemas de pesca. En la actualidad la Organizaci\u00f3n SyCOMA desarrolla y gestiona la protecci\u00f3n y la conservaci\u00f3n de las tortugas marinas por medio de planes de manejo en playas de nuestro litoral, con la creaci\u00f3n y gesti\u00f3n de campamentos tortugueros con la colaboraci\u00f3n de voluntarios firmemente capacitados, apoyo de la iniciativa privada, y algunos de los mejores profesionales en este campo. Por otra parte, a nivel global la Organizaci\u00f3n SyCOMA colabora con organizaciones de la Sociedad Civil y organizaciones conservacionistas del Golfo de California y Pen\u00ednsula de Baja California como el esencial Grupo Tortuguero Las Californias, la Fundaci\u00f3n Ecol\u00f3gica Biomar y con la colaboraci\u00f3n de algunos de los hoteles de Los Cabos de forma activa y valios\u00edsima; trabajamos mano a mano con PROFEPA capacitando y nutriendo a esta entidad con muchos de sus vigilantes certificados, que no son m\u00e1s que ciudadanos que aman y cuidan la Naturaleza de Su Tierra. No puede faltar en nuestro trabajo la colaboraci\u00f3n y comunicaci\u00f3n abierta con algunos de los gestores locales que s\u00ed hacen por trabajar por la Conservaci\u00f3n de nuestra fauna y flora, siendo conscientes del valor que aportan a nuestros municipios.<\/p>\n","protected":false},"author":2,"featured_media":0,"parent":0,"menu_order":0,"comment_status":"closed","ping_status":"closed","template":"","meta":{"footnotes":""},"class_list":["post-317","page","type-page","status-publish","hentry"],"jetpack_sharing_enabled":true,"_links":{"self":[{"href":"https:\/\/organizacionsycoma.org\/index.php?rest_route=\/wp\/v2\/pages\/317","targetHints":{"allow":["GET"]}}],"collection":[{"href":"https:\/\/organizacionsycoma.org\/index.php?rest_route=\/wp\/v2\/pages"}],"about":[{"href":"https:\/\/organizacionsycoma.org\/index.php?rest_route=\/wp\/v2\/types\/page"}],"author":[{"embeddable":true,"href":"https:\/\/organizacionsycoma.org\/index.php?rest_route=\/wp\/v2\/users\/2"}],"replies":[{"embeddable":true,"href":"https:\/\/organizacionsycoma.org\/index.php?rest_route=%2Fwp%2Fv2%2Fcomments&post=317"}],"version-history":[{"count":6,"href":"https:\/\/organizacionsycoma.org\/index.php?rest_route=\/wp\/v2\/pages\/317\/revisions"}],"predecessor-version":[{"id":337,"href":"https:\/\/organizacionsycoma.org\/index.php?rest_route=\/wp\/v2\/pages\/317\/revisions\/337"}],"wp:attachment":[{"href":"https:\/\/organizacionsycoma.org\/index.php?rest_route=%2Fwp%2Fv2%2Fmedia&parent=317"}],"curies":[{"name":"wp","href":"https:\/\/api.w.org\/{rel}","templated":true}]}}