{"id":152,"date":"2024-07-23T19:15:49","date_gmt":"2024-07-24T01:15:49","guid":{"rendered":"https:\/\/organizacionsycoma.org\/?page_id=152"},"modified":"2025-09-30T11:31:56","modified_gmt":"2025-09-30T17:31:56","slug":"nuestra-gente","status":"publish","type":"page","link":"https:\/\/organizacionsycoma.org\/?page_id=152","title":{"rendered":"NUESTRA GENTE"},"content":{"rendered":"\n<p>A lo largo de nuestra existencia como organizaci\u00f3n dedicada a la conservaci\u00f3n de especies con las que compartimos los mismos espacios, ha venido siendo fundamental la participaci\u00f3n ciudadana por medio de las voluntarias y voluntarios de todas las edades que han prestado su tiempo y dedicaci\u00f3n en mayor o menor medida a nuestros mismos ideales.<\/p>\n\n\n\n<p>Cada a\u00f1o son muchos los voluntarios que se animan a colaborar con nosotros en campo. Gente amante de la naturaleza, que adquieren conocimientos acerca de las especies que protegemos y monitoreamos por parte de nuestros especialistas, y viven jornadas apasionantes de contacto cercano con la naturaleza y trabajo en equipo. Poco a poco, por medio de los voluntarios conseguimos que cada d\u00eda m\u00e1s gente de nuestras poblaciones y regiones tengan un mayor conocimiento sobre el funcionamiento de nuestros ecosistemas, de la importancia de todas y cada una de sus piezas, de sus especies, y de sus tiempos y costumbres naturales.<\/p>\n\n\n\n<p>Un apartado especial es el de los ni\u00f1os voluntarios, que con tanta ilusi\u00f3n y energ\u00eda, son la oportunidad para que con el conocimiento y entrenamiento adecuado, sean los protagonistas de una sociedad que conozca las ventajas de vivir compartiendo espacios con la naturaleza, la cuide y defienda.<\/p>\n\n\n\n<figure class=\"wp-block-image size-large\"><img loading=\"lazy\" decoding=\"async\" width=\"1024\" height=\"731\" src=\"https:\/\/organizacionsycoma.org\/wp-content\/uploads\/2025\/09\/VOLUNTARIOS-25-2-1024x731.jpg\" alt=\"\" class=\"wp-image-376\" srcset=\"https:\/\/organizacionsycoma.org\/wp-content\/uploads\/2025\/09\/VOLUNTARIOS-25-2-1024x731.jpg 1024w, https:\/\/organizacionsycoma.org\/wp-content\/uploads\/2025\/09\/VOLUNTARIOS-25-2-300x214.jpg 300w, https:\/\/organizacionsycoma.org\/wp-content\/uploads\/2025\/09\/VOLUNTARIOS-25-2-768x548.jpg 768w, https:\/\/organizacionsycoma.org\/wp-content\/uploads\/2025\/09\/VOLUNTARIOS-25-2-1536x1096.jpg 1536w, https:\/\/organizacionsycoma.org\/wp-content\/uploads\/2025\/09\/VOLUNTARIOS-25-2-2048x1461.jpg 2048w, https:\/\/organizacionsycoma.org\/wp-content\/uploads\/2025\/09\/VOLUNTARIOS-25-2-1140x814.jpg 1140w\" sizes=\"auto, (max-width: 1024px) 100vw, 1024px\" \/><\/figure>\n","protected":false},"excerpt":{"rendered":"<p>A lo largo de nuestra existencia como organizaci\u00f3n dedicada a la conservaci\u00f3n de especies con las que compartimos los mismos espacios, ha venido siendo fundamental la participaci\u00f3n ciudadana por medio de las voluntarias y voluntarios de todas las edades que han prestado su tiempo y dedicaci\u00f3n en mayor o menor medida a nuestros mismos ideales. Cada a\u00f1o son muchos los voluntarios que se animan a colaborar con nosotros en campo. Gente amante de la naturaleza, que adquieren conocimientos acerca de las especies que protegemos y monitoreamos por parte de nuestros especialistas, y viven jornadas apasionantes de contacto cercano con la naturaleza y trabajo en equipo. Poco a poco, por medio de los voluntarios conseguimos que cada d\u00eda m\u00e1s gente de nuestras poblaciones y regiones tengan un mayor conocimiento sobre el funcionamiento de nuestros ecosistemas, de la importancia de todas y cada una de sus piezas, de sus especies, y de sus tiempos y costumbres naturales. Un apartado especial es el de los ni\u00f1os voluntarios, que con tanta ilusi\u00f3n y energ\u00eda, son la oportunidad para que con el conocimiento y entrenamiento adecuado, sean los protagonistas de una sociedad que conozca las ventajas de vivir compartiendo espacios con la naturaleza, la cuide y defienda.<\/p>\n","protected":false},"author":2,"featured_media":0,"parent":0,"menu_order":0,"comment_status":"closed","ping_status":"closed","template":"","meta":{"footnotes":""},"class_list":["post-152","page","type-page","status-publish","hentry"],"jetpack_sharing_enabled":true,"_links":{"self":[{"href":"https:\/\/organizacionsycoma.org\/index.php?rest_route=\/wp\/v2\/pages\/152","targetHints":{"allow":["GET"]}}],"collection":[{"href":"https:\/\/organizacionsycoma.org\/index.php?rest_route=\/wp\/v2\/pages"}],"about":[{"href":"https:\/\/organizacionsycoma.org\/index.php?rest_route=\/wp\/v2\/types\/page"}],"author":[{"embeddable":true,"href":"https:\/\/organizacionsycoma.org\/index.php?rest_route=\/wp\/v2\/users\/2"}],"replies":[{"embeddable":true,"href":"https:\/\/organizacionsycoma.org\/index.php?rest_route=%2Fwp%2Fv2%2Fcomments&post=152"}],"version-history":[{"count":2,"href":"https:\/\/organizacionsycoma.org\/index.php?rest_route=\/wp\/v2\/pages\/152\/revisions"}],"predecessor-version":[{"id":377,"href":"https:\/\/organizacionsycoma.org\/index.php?rest_route=\/wp\/v2\/pages\/152\/revisions\/377"}],"wp:attachment":[{"href":"https:\/\/organizacionsycoma.org\/index.php?rest_route=%2Fwp%2Fv2%2Fmedia&parent=152"}],"curies":[{"name":"wp","href":"https:\/\/api.w.org\/{rel}","templated":true}]}}